{"id":2,"date":"2023-11-21T20:44:41","date_gmt":"2023-11-21T19:44:41","guid":{"rendered":"https:\/\/www.us-saintgilles35.org\/?page_id=2"},"modified":"2023-11-29T21:59:26","modified_gmt":"2023-11-29T20:59:26","slug":"page-d-exemple","status":"publish","type":"page","link":"https:\/\/www.us-saintgilles35.org\/","title":{"rendered":"Bienvenue sur le site internet de l\u2019Union Sportive de Saint Gilles"},"content":{"rendered":"\n<p>L\u2019<strong>U<\/strong>nion&nbsp;<strong>S<\/strong>portive de&nbsp;<strong>S<\/strong>aint&nbsp;<strong>G<\/strong>illes (USSG) est un club omnisports, qui rassemble plus de 1700 adh\u00e9rents autour de 16 activit\u00e9s. Des encadrements avec, des animateurs sportifs et des entraineurs sp\u00e9cialis\u00e9s ou des b\u00e9n\u00e9voles. Des sportifs qui pratiquent la comp\u00e9tition ou simplement pour le loisir, permettant \u00e0 chacun, de vivre le sport, dans une ambiance conviviale, respectueuse de la tradition et de l\u2019\u00e9thique.<\/p>\n","protected":false},"excerpt":{"rendered":"<p>L\u2019Union&nbsp;Sportive de&nbsp;Saint&nbsp;Gilles (USSG) est un club omnisports, qui rassemble plus de 1700 adh\u00e9rents autour de 16 activit\u00e9s. Des encadrements avec, des animateurs sportifs et des &hellip; <\/p>\n","protected":false},"author":1,"featured_media":0,"parent":0,"menu_order":0,"comment_status":"closed","ping_status":"open","template":"","meta":{"_editorskit_title_hidden":false,"_editorskit_reading_time":0,"_editorskit_is_block_options_detached":false,"_editorskit_block_options_position":"{}","footnotes":""},"class_list":["post-2","page","type-page","status-publish","hentry"],"_links":{"self":[{"href":"https:\/\/www.us-saintgilles35.org\/index.php\/wp-json\/wp\/v2\/pages\/2","targetHints":{"allow":["GET"]}}],"collection":[{"href":"https:\/\/www.us-saintgilles35.org\/index.php\/wp-json\/wp\/v2\/pages"}],"about":[{"href":"https:\/\/www.us-saintgilles35.org\/index.php\/wp-json\/wp\/v2\/types\/page"}],"author":[{"embeddable":true,"href":"https:\/\/www.us-saintgilles35.org\/index.php\/wp-json\/wp\/v2\/users\/1"}],"replies":[{"embeddable":true,"href":"https:\/\/www.us-saintgilles35.org\/index.php\/wp-json\/wp\/v2\/comments?post=2"}],"version-history":[{"count":4,"href":"https:\/\/www.us-saintgilles35.org\/index.php\/wp-json\/wp\/v2\/pages\/2\/revisions"}],"predecessor-version":[{"id":262,"href":"https:\/\/www.us-saintgilles35.org\/index.php\/wp-json\/wp\/v2\/pages\/2\/revisions\/262"}],"wp:attachment":[{"href":"https:\/\/www.us-saintgilles35.org\/index.php\/wp-json\/wp\/v2\/media?parent=2"}],"curies":[{"name":"wp","href":"https:\/\/api.w.org\/{rel}","templated":true}]}}