{"id":277,"date":"2023-11-29T22:29:11","date_gmt":"2023-11-29T21:29:11","guid":{"rendered":"https:\/\/www.us-saintgilles35.org\/?page_id=277"},"modified":"2025-09-14T09:29:13","modified_gmt":"2025-09-14T07:29:13","slug":"football","status":"publish","type":"page","link":"https:\/\/www.us-saintgilles35.org\/index.php\/les-sections\/football\/","title":{"rendered":"Football"},"content":{"rendered":"\n<blockquote class=\"wp-block-quote is-layout-flow wp-block-quote-is-layout-flow\" id=\"pr\u00e9sentation\">\n<p>Acc\u00e8s rapide :<\/p>\n<cite><em><a class=\"quicklinks\" href=\"#planning\">Planning<\/a> | <a class=\"quicklinks\" href=\"#tarifs\">Tarifs<\/a> | <a class=\"quicklinks\" href=\"#ficheadhesion\">Fiche adh\u00e9sion<\/a><\/em> <\/cite><\/blockquote>\n\n\n\n<div id=\"metaslider-id-159\" style=\"width: 100%;\" class=\"ml-slider-3-60-1 metaslider metaslider-flex metaslider-159 ml-slider ms-theme-default nav-hidden\" role=\"region\" aria-roledescription=\"Slideshow\" aria-label=\"Foot\">\n    <div id=\"metaslider_container_159\">\n        <div id=\"metaslider_159\">\n            <ul aria-live=\"polite\" class=\"slides\">\n                <li style=\"display: block; width: 100%;\" class=\"slide-928 ms-image\" aria-roledescription=\"slide\" aria-label=\"slide-928\"><img loading=\"lazy\" decoding=\"async\" src=\"https:\/\/www.us-saintgilles35.org\/wp-content\/uploads\/2024\/10\/foot2024-2025-scaled-1400x600.jpg\" height=\"600\" width=\"1400\" alt=\"\" class=\"slider-159 slide-928\" title=\"foot2024-2025\" \/><\/li>\n            <\/ul>\n        <\/div>\n        \n    <\/div>\n<\/div>\n\n\n\n<h2 class=\"wp-block-heading\">Pr\u00e9sentation<\/h2>\n\n\n\n<p>Les d\u00e9buts du football \u00e0 Saint-Gilles datent de 1940, sous la houlette de Jean Beaulieu qui eut l\u2019id\u00e9e d\u2019organiser un match amical contre des prisonniers polonais (qui r\u00e9alisaient des travaux de battages et moissons, dans la r\u00e9gion). Ce premier match a lieu dans une prairie. Les joueurs de l\u2019\u00e9quipe s\u2019appellent B. Fillaud, A. Luton, A. Josse, V. Michel, A. Urvoy, les fr\u00e8res Autrinal, ou bien encore F. Bassement, etc.<\/p>\n\n\n\n<p>C\u2019est en 1945 que les statuts de l\u2019association sont d\u00e9pos\u00e9s. L\u2019URSSG (Union R\u00e9cr\u00e9ative et Sportive de Saint-Gilles) voit le jour. Malheureusement, l\u2019association est mise en sommeil durant 5 ans d\u00e8s 1946. En 1951, l\u2019association repart sous la houlette de Louis Abraham et Alfred Simon. Avec de la d\u00e9brouillardise et un effort commun, les fonds n\u00e9cessaires sont rassembl\u00e9s. Un bureau est constitu\u00e9. Le pr\u00e9sident est Ernest Charnal, il le restera 20 ans. A cette \u00e9poque, le foot et le th\u00e9\u00e2tre sont les deux activit\u00e9s de l\u2019association. Les maillots sont d\u2019anciens maillots du Stade Rennais, type d\u00e9bardeur. Ils sont de couleur rouge et cercl\u00e9s en noir. Le nom actuel d\u2019USSG (Union Sportive de Saint-Gilles) viendra plus tard. En 1963, sur l\u2019initiative de George Bohuon, une \u00e9cole de foot est cr\u00e9\u00e9e.<\/p>\n\n\n\n<p>L\u2019USSG se d\u00e9veloppe durant cette p\u00e9riode. De nouvelles activit\u00e9s apparaissent. Le basket, le tennis de table, le tennis, le handball, l\u2019aikido, la gymnastique, et le cyclisme s\u2019ajoutent. Concernant le football, pour la premi\u00e8re fois, l\u2019\u00e9quipe fanion participe au championnat de ligue de PH. Elle continue sa progression en montant en DRH au terme de la saison 1981-1982.<\/p>\n\n\n\n<p>De nombreuses \u00e9quipes, dans les <strong>cat\u00e9gories jeunes<\/strong>, sont cr\u00e9\u00e9es (actuellement 1 \u00e0 3-4 \u00e9quipes par cat\u00e9gories). De leur cot\u00e9, les s\u00e9niors continuent <strong>leur ascension<\/strong>. La saison 1994 \u2013 1995 voit les <strong>meilleurs r\u00e9sultats<\/strong> jamais atteint par le club. L\u2019\u00e9quipe premi\u00e8re acc\u00e8de en DSR. Les joueurs (participant \u00e0 l\u2019\u00e9pop\u00e9e) s\u2019appellent M. Rescan, R. Bohuon, H. Cocherie, M. Pellan, Les fr\u00e8res Cohan (J.F et D.), A. Jubin, F. Tol\u00e9do, O. Rioche, Y. Vasseur, M. Prioul, H.P. Chenard, D. Guyon, V.Helloco\u2026 L\u2019accession est acquise lors de l\u2019avant derni\u00e8re journ\u00e9e. Le dernier match de la saison permettra de savourer cette mont\u00e9e, comme il se doit. La m\u00eame saison, l\u2019\u00e9quipe r\u00e9serve acc\u00e8de au <strong>plus haut niveau d\u00e9partemental<\/strong>. Les -18 ans d\u00e9couvrent le niveau r\u00e9gional en 2003, en acc\u00e9dant \u00e0 la PH. Il s\u2019agit de la <strong>premi\u00e8re et seule \u00e9quipe jeune \u00e0 atteindre ce niveau<\/strong>. C\u2019est aussi pendant cette p\u00e9riode que les plus beaux parcours de coupe sont r\u00e9alis\u00e9s. En coupe de France, Saint-Gilles atteint le <strong>sixi\u00e8me tour<\/strong> en 2004 \u2013 2005 avant de se faire sortir par <strong>Vannes (CFA)<\/strong> qui la m\u00eame ann\u00e9e montera en National.<\/p>\n\n\n\n<p>En 2006, point d\u2019orgue de la section, l\u2019organisation de la Journ\u00e9e Nationale des D\u00e9butants regroupe <strong>3200 enfants<\/strong>.<\/p>\n\n\n\n<p>Chez les jeunes, la formation a \u00e9t\u00e9 mis en avant au sein du club, et les r\u00e9sultats s\u2019en sont suivis :<\/p>\n\n\n\n<p>Les U11 acc\u00e8dent \u00e0 la <strong>finale r\u00e9gionale<\/strong> en 2010, 2013, 2014.<\/p>\n\n\n\n<p>Les U13 participent m\u00eame depuis plusieurs ann\u00e9es au <strong>tournoi international de Guerl\u00e9dan<\/strong> qui r\u00e9unit pr\u00e8s de 3 500 personnes. De 2010 \u00e0 2019, le club a fonctionn\u00e9 en groupement de jeunes notamment avec les \u00e9quipes de Parthenay ou encore G\u00e9vez\u00e9. Durant cette p\u00e9riode, les U15 ont acc\u00e9d\u00e9 plusieurs saisons au <strong>niveau r\u00e9gional<\/strong>. Depuis 2019\/2020, le club <strong>fonctionne de nouveau ind\u00e9pendamment<\/strong> en jeunes, int\u00e9grant ceux de Parthenay d\u00e8s les U13.<\/p>\n\n\n\n<p>Aujourd\u2019hui, apr\u00e8s un (trop) long moment en District 1, l\u2019\u00e9quipe fanion seniors \u00e9volue en <strong>R\u00e9gional 2 <\/strong>apr\u00e8s <strong>deux mont\u00e9es cons\u00e9cutives<\/strong> gr\u00e2ce notamment au retour des jeunes form\u00e9s au club. L\u2019\u00e9quipe B est, elle, en District 1, la C en District 2, la D en District 4 et bient\u00f4t la cr\u00e9ation d\u2019une \u00e9quipe E qui \u00e9voluera en District 4 \u00e9galement. De plus, une <strong>\u00e9quipe F\u00e9minine<\/strong> s\u2019est cr\u00e9\u00e9e r\u00e9cemment au sein du club, uniquement seniors et elle \u00e9volue en District 1 en Foot \u00e0 7.<\/p>\n\n\n\n<h2 class=\"wp-block-heading\">Le bureau<\/h2>\n\n\n\n<p><strong>Responsabilit\u00e9 de la section<\/strong> <\/p>\n\n\n\n<div class=\"wp-block-buttons is-layout-flex wp-block-buttons-is-layout-flex\">\n<div class=\"wp-block-button\"><a class=\"wp-block-button__link wp-element-button\" href=\"https:\/\/www.us-saintgilles35.org\/wp-content\/uploads\/2024\/10\/Trombinoscope-US-SAINT-GILLES-BUREAU-2024.png\">Trombinoscope des dirigeants<\/a><\/div>\n<\/div>\n\n\n\n<p><strong>Responsable:<\/strong> Bertrand&nbsp;JULIEN-LEFEUVRE                                               bertrand.julienlefeuvre@orange.fr<\/p>\n\n\n\n<p><strong>Responsable adjoint:<\/strong> Bruno LECOMTE                                                       lecomte.bruno63@orange.fr<\/p>\n\n\n\n<p><strong>Tr\u00e9sori\u00e8re:<\/strong> Charl\u00e8ne EON <\/p>\n\n\n\n<p><strong>Tr\u00e9sori\u00e8re Adjointe: <\/strong>Laura JULIEN-LEFEUVRE<\/p>\n\n\n\n<p><strong>S\u00e9cr\u00e9taire:<\/strong> S\u00e9verine LEJOP<\/p>\n\n\n\n<p><strong>Secr\u00e9taire Adjointe: <\/strong>Karine LOUAZEL<\/p>\n\n\n\n<p><strong>Membres:<\/strong> Aur\u00e9lie LE BRETON, R\u00e9gis CANTELOUP, St\u00e9phanie DAVID, Philippe LE SOUDER, Bertrand MERRER, Micka\u00ebl VASSEUR, Alain ROGIE, Briac LE DAMANY<\/p>\n\n\n\n<div class=\"wp-block-buttons is-layout-flex wp-block-buttons-is-layout-flex\">\n<div class=\"wp-block-button\"><a class=\"wp-block-button__link wp-element-button\" href=\"https:\/\/www.us-saintgilles35.org\/wp-content\/uploads\/2024\/10\/Trombinoscope-foot-jeune-U8-U13.png\">L&#8217;encadrement U8-U13<\/a><\/div>\n\n\n\n<div class=\"wp-block-button\"><a class=\"wp-block-button__link wp-element-button\" href=\"https:\/\/www.us-saintgilles35.org\/wp-content\/uploads\/2024\/10\/Trombinoscope-foot-a-11-U14-U18.png\">L&#8217;encadrement U14-U18<\/a><\/div>\n\n\n\n<div class=\"wp-block-button\"><a class=\"wp-block-button__link wp-element-button\" href=\"https:\/\/www.us-saintgilles35.org\/wp-content\/uploads\/2024\/10\/Trombinoscope-equipes-seniors.png\">L&#8217;encadrement S\u00e9nior<\/a><\/div>\n<\/div>\n\n\n\n<h2 class=\"wp-block-heading\" id=\"planning\">Planning<\/h2>\n\n\n\n<div class=\"wp-block-buttons is-layout-flex wp-block-buttons-is-layout-flex\">\n<div class=\"wp-block-button\"><a class=\"wp-block-button__link wp-element-button\" href=\"https:\/\/www.us-saintgilles35.org\/wp-content\/uploads\/2025\/09\/planning-foot-2025-2026-1-1-scaled.jpg\">Planning<\/a><\/div>\n<\/div>\n\n\n\n<h2 class=\"wp-block-heading\" id=\"tarifs\">Tarifs 2025-2026<\/h2>\n\n\n\n<figure class=\"wp-block-table\"><table><tbody><tr><td><em><strong>Cat\u00e9gories<\/strong><\/em><\/td><td><strong><em>Tarifs<\/em><\/strong><\/td><\/tr><tr><td>Loisirs<\/td><td>65 \u20ac<\/td><\/tr><tr><td>Fit Foot<\/td><td>70 \u20ac<\/td><\/tr><tr><td>U18 \u00e0 S\u00e9nior G<\/td><td>165 \u20ac<\/td><\/tr><tr><td>U18 \u00e0 S\u00e9nior F<\/td><td>165 \u20ac<\/td><\/tr><tr><td>U6-U7 G<\/td><td>100 \u20ac<\/td><\/tr><tr><td>U6-U7 F<\/td><td>100 \u20ac<\/td><\/tr><tr><td>U8-U9 G<\/td><td>115 \u20ac<\/td><\/tr><tr><td>U8-U9 F<\/td><td>115 \u20ac<\/td><\/tr><tr><td>U10-U17 G<\/td><td>130 \u20ac<\/td><\/tr><tr><td>U10-U17 F<\/td><td>130 \u20ac<\/td><\/tr><\/tbody><\/table><\/figure>\n\n\n\n<h2 class=\"wp-block-heading\" id=\"ficheadhesion\">Adh\u00e9sion<\/h2>\n\n\n\n<ul class=\"wp-block-list\">\n<li><strong>Contacts :<\/strong><\/li>\n\n\n\n<li>Charl\u00e8ne Eon : eoncharlene@hotmail.fr<\/li>\n\n\n\n<li>S\u00e9verine Lejop : severine.lejop@gmail.com<\/li>\n\n\n\n<li>Karine Louazel : ussaintgilles.karine.louazel@gmail.com<\/li>\n\n\n\n<li>Aur\u00e9lie Le Breton : aurelielb35@gmail.com<\/li>\n\n\n\n<li>Bertrand Merrer: bertrand.merrer@gmail.com<\/li>\n<\/ul>\n\n\n\n<p>Organisation bureau USSG: Bertrand Merrer<\/p>\n\n\n\n<p>Pour les inscriptions ou renseignements vous pouvez envoyer un mail aux personnes ci-dessus<\/p>\n","protected":false},"excerpt":{"rendered":"<p>Acc\u00e8s rapide : Planning | Tarifs | Fiche adh\u00e9sion Pr\u00e9sentation Les d\u00e9buts du football \u00e0 Saint-Gilles datent de 1940, sous la houlette de Jean Beaulieu &hellip; <\/p>\n","protected":false},"author":1,"featured_media":0,"parent":75,"menu_order":0,"comment_status":"closed","ping_status":"closed","template":"","meta":{"_editorskit_title_hidden":false,"_editorskit_reading_time":0,"_editorskit_is_block_options_detached":false,"_editorskit_block_options_position":"{}","footnotes":""},"class_list":["post-277","page","type-page","status-publish","hentry"],"_links":{"self":[{"href":"https:\/\/www.us-saintgilles35.org\/index.php\/wp-json\/wp\/v2\/pages\/277","targetHints":{"allow":["GET"]}}],"collection":[{"href":"https:\/\/www.us-saintgilles35.org\/index.php\/wp-json\/wp\/v2\/pages"}],"about":[{"href":"https:\/\/www.us-saintgilles35.org\/index.php\/wp-json\/wp\/v2\/types\/page"}],"author":[{"embeddable":true,"href":"https:\/\/www.us-saintgilles35.org\/index.php\/wp-json\/wp\/v2\/users\/1"}],"replies":[{"embeddable":true,"href":"https:\/\/www.us-saintgilles35.org\/index.php\/wp-json\/wp\/v2\/comments?post=277"}],"version-history":[{"count":28,"href":"https:\/\/www.us-saintgilles35.org\/index.php\/wp-json\/wp\/v2\/pages\/277\/revisions"}],"predecessor-version":[{"id":1253,"href":"https:\/\/www.us-saintgilles35.org\/index.php\/wp-json\/wp\/v2\/pages\/277\/revisions\/1253"}],"up":[{"embeddable":true,"href":"https:\/\/www.us-saintgilles35.org\/index.php\/wp-json\/wp\/v2\/pages\/75"}],"wp:attachment":[{"href":"https:\/\/www.us-saintgilles35.org\/index.php\/wp-json\/wp\/v2\/media?parent=277"}],"curies":[{"name":"wp","href":"https:\/\/api.w.org\/{rel}","templated":true}]}}