{"id":283,"date":"2023-11-29T22:30:43","date_gmt":"2023-11-29T21:30:43","guid":{"rendered":"https:\/\/www.us-saintgilles35.org\/?page_id=283"},"modified":"2025-08-12T09:28:58","modified_gmt":"2025-08-12T07:28:58","slug":"hockey","status":"publish","type":"page","link":"https:\/\/www.us-saintgilles35.org\/index.php\/les-sections\/hockey\/","title":{"rendered":"Hockey"},"content":{"rendered":"\n<blockquote class=\"wp-block-quote is-layout-flow wp-block-quote-is-layout-flow\" id=\"pr\u00e9sentation\">\n<p>Acc\u00e8s rapide :<\/p>\n<cite><em><a class=\"quicklinks\" href=\"#planning\">Planning<\/a> | <a class=\"quicklinks\" href=\"#tarifs\">Tarifs<\/a> | <a class=\"quicklinks\" href=\"#ficheadhesion\">Fiche adh\u00e9sion<\/a><\/em> <\/cite><\/blockquote>\n\n\n\n<div id=\"metaslider-id-165\" style=\"width: 100%;\" class=\"ml-slider-3-60-1 metaslider metaslider-flex metaslider-165 ml-slider ms-theme-default nav-hidden\" role=\"region\" aria-roledescription=\"Slideshow\" aria-label=\"Hockey\">\n    <div id=\"metaslider_container_165\">\n        <div id=\"metaslider_165\">\n            <ul aria-live=\"polite\" class=\"slides\">\n                <li style=\"display: block; width: 100%;\" class=\"slide-166 ms-image\" aria-roledescription=\"slide\" aria-label=\"slide-166\"><img loading=\"lazy\" decoding=\"async\" src=\"https:\/\/www.us-saintgilles35.org\/wp-content\/uploads\/2023\/11\/hockey2-1080x462.jpg\" height=\"600\" width=\"1400\" alt=\"\" class=\"slider-165 slide-166\" title=\"hockey\" \/><\/li>\n            <\/ul>\n        <\/div>\n        \n    <\/div>\n<\/div>\n\n\n\n<h2 class=\"wp-block-heading\">Pr\u00e9sentation<\/h2>\n\n\n\n<p>Le hockey sur gazon est sport Olympique depuis 1908 chez les hommes et 1980 chez les femmes.<br>C\u2019est un sport qui fut codifi\u00e9 par les anglais fin 19\u00e8me si\u00e8cle au m\u00eame titre que le football et le Rugby.<br>C\u2019est une activit\u00e9 physique et sportive ouverte \u00e0 partir de 5 ans pour les filles et les gar\u00e7on, qui allie esprit d\u2019\u00e9quipe et habilet\u00e9 manuelle, due \u00e0 la manipulation de la crosse.<\/p>\n\n\n\n<p>La F\u00e9d\u00e9ration Fran\u00e7aise de Hockey g\u00e8re les deux disciplines Hockey sur gazon et hockey en salle.<\/p>\n\n\n\n<p><strong>Pr\u00e9sentation de l\u2019US St Gilles Hockey<\/strong><\/p>\n\n\n\n<p>Nous proposons le hockey en salle et sur gazon synth\u00e9tique \u00e0 St Gilles.<\/p>\n\n\n\n<h2 class=\"wp-block-heading\" id=\"planning\">Planning<\/h2>\n\n\n\n<p>L\u2019entra\u00eenement est encadr\u00e9 par un <strong>\u00e9ducateur sportif dipl\u00f4m\u00e9 d\u2019\u00e9tat<\/strong>.<\/p>\n\n\n\n<p>Pour tous autres renseignements Contact: Mr Bernard Binet: Tel:<strong>06.86.55.13.67<\/strong> Mel:<strong><a rel=\"noreferrer noopener\" href=\"https:\/\/web.archive.org\/web\/20230326100448\/mailto:bernard.binet@orange.com\" target=\"_blank\">bernard.binet@orange.com<\/a><\/strong><\/p>\n\n\n\n<ul class=\"wp-block-list\">\n<li>Responsable: Bernard Binet<\/li>\n\n\n\n<li>Co-responsable: Virgile Canevet<\/li>\n\n\n\n<li>Tr\u00e9sori\u00e8re: Adeline Le Roux<\/li>\n\n\n\n<li>Secr\u00e9taire: Am\u00e9lie Larget<\/li>\n\n\n\n<li>Tr\u00e9sorier adjoint: Val\u00e9rie Canevet<\/li>\n\n\n\n<li>Secr\u00e9taire adjoint: V\u00e9ronique Cohan<\/li>\n\n\n\n<li>Membres: David Cohan;<\/li>\n\n\n\n<li>&nbsp;Entraineurs:<\/li>\n\n\n\n<li>Eric Le Chaix<\/li>\n\n\n\n<li>Coralie Cambon<\/li>\n<\/ul>\n\n\n\n<p><em>Planning des entrainements&nbsp;:<\/em><\/p>\n\n\n\n<ul class=\"wp-block-list\">\n<li>En salle&nbsp;: le vendredi de 17h00 \u00e0 20h15 (salle verte)<\/li>\n\n\n\n<li>Sur le terrain synth\u00e9tique&nbsp;: le mardi de 17h00 \u00e0 19h30<\/li>\n<\/ul>\n\n\n\n<p>\u00c9quipement<strong><u> \u00e0 pr\u00e9voir<\/u>&nbsp;:<\/strong><\/p>\n\n\n\n<ul class=\"wp-block-list\">\n<li>Short noir, pour les gar\u00e7ons<\/li>\n\n\n\n<li>Jupe tennis pour les filles<\/li>\n\n\n\n<li>Prot\u00e8ge-tibias<\/li>\n\n\n\n<li>Chaussettes rouges type Football<\/li>\n\n\n\n<li>Chaussures de sport en salle type Handball pour la salle.<\/li>\n<\/ul>\n\n\n\n<p><strong>Le club met \u00e0 disposition gratuitement les crosses pour les d\u00e9butants.<\/strong><\/p>\n\n\n\n<h2 class=\"wp-block-heading\" id=\"tarifs\">Tarifs 2025-2026<\/h2>\n\n\n\n<p>Adh\u00e9sion au forum des associations le 3 septembre 2022 ou directement aupr\u00e8s de Bernard Binet.<\/p>\n\n\n\n<p>Enfants \u2013 De U6 \u00e0 U19&nbsp;: <strong>80 \u20ac<\/strong><br>Adultes \u2013 Cotisation unique&nbsp;: <strong>80 \u20ac<\/strong><\/p>\n\n\n\n<p><strong>1<\/strong> <strong>maillot du club personnalis\u00e9 offert<\/strong> pour la premi\u00e8re adh\u00e9sion.<\/p>\n\n\n\n<h2 class=\"wp-block-heading\" id=\"ficheadhesion\">Fiche adh\u00e9sion<\/h2>\n\n\n\n<div class=\"wp-block-buttons is-layout-flex wp-block-buttons-is-layout-flex\">\n<div class=\"wp-block-button\"><a class=\"wp-block-button__link wp-element-button\" href=\"https:\/\/ussg.monclub.app\/subscription\" target=\"_blank\" rel=\"noreferrer noopener\">Inscription Via Mon Club<\/a><\/div>\n<\/div>\n\n\n\n<p>Nota: Si vous n&#8217;avez pas de compte sur l&#8217;application vous pouvez utiliser le code club: <strong>ussaintgilles35<\/strong><\/p>\n","protected":false},"excerpt":{"rendered":"<p>Acc\u00e8s rapide : Planning | Tarifs | Fiche adh\u00e9sion Pr\u00e9sentation Le hockey sur gazon est sport Olympique depuis 1908 chez les hommes et 1980 chez &hellip; <\/p>\n","protected":false},"author":1,"featured_media":0,"parent":75,"menu_order":0,"comment_status":"closed","ping_status":"closed","template":"","meta":{"_editorskit_title_hidden":false,"_editorskit_reading_time":0,"_editorskit_is_block_options_detached":false,"_editorskit_block_options_position":"{}","footnotes":""},"class_list":["post-283","page","type-page","status-publish","hentry"],"_links":{"self":[{"href":"https:\/\/www.us-saintgilles35.org\/index.php\/wp-json\/wp\/v2\/pages\/283","targetHints":{"allow":["GET"]}}],"collection":[{"href":"https:\/\/www.us-saintgilles35.org\/index.php\/wp-json\/wp\/v2\/pages"}],"about":[{"href":"https:\/\/www.us-saintgilles35.org\/index.php\/wp-json\/wp\/v2\/types\/page"}],"author":[{"embeddable":true,"href":"https:\/\/www.us-saintgilles35.org\/index.php\/wp-json\/wp\/v2\/users\/1"}],"replies":[{"embeddable":true,"href":"https:\/\/www.us-saintgilles35.org\/index.php\/wp-json\/wp\/v2\/comments?post=283"}],"version-history":[{"count":10,"href":"https:\/\/www.us-saintgilles35.org\/index.php\/wp-json\/wp\/v2\/pages\/283\/revisions"}],"predecessor-version":[{"id":1208,"href":"https:\/\/www.us-saintgilles35.org\/index.php\/wp-json\/wp\/v2\/pages\/283\/revisions\/1208"}],"up":[{"embeddable":true,"href":"https:\/\/www.us-saintgilles35.org\/index.php\/wp-json\/wp\/v2\/pages\/75"}],"wp:attachment":[{"href":"https:\/\/www.us-saintgilles35.org\/index.php\/wp-json\/wp\/v2\/media?parent=283"}],"curies":[{"name":"wp","href":"https:\/\/api.w.org\/{rel}","templated":true}]}}