{"id":287,"date":"2023-11-29T22:31:31","date_gmt":"2023-11-29T21:31:31","guid":{"rendered":"https:\/\/www.us-saintgilles35.org\/?page_id=287"},"modified":"2025-08-12T09:29:52","modified_gmt":"2025-08-12T07:29:52","slug":"palet","status":"publish","type":"page","link":"https:\/\/www.us-saintgilles35.org\/index.php\/les-sections\/palet\/","title":{"rendered":"Palet"},"content":{"rendered":"\n<blockquote class=\"wp-block-quote is-layout-flow wp-block-quote-is-layout-flow\" id=\"pr\u00e9sentation\">\n<p>Acc\u00e8s rapide :<\/p>\n<cite><em><a class=\"quicklinks\" href=\"#planning\">Planning<\/a> | <a class=\"quicklinks\" href=\"#tarifs\">Tarifs<\/a> | <a class=\"quicklinks\" href=\"#ficheadhesion\">Fiche adh\u00e9sion<\/a><\/em> <\/cite><\/blockquote>\n\n\n\n<div id=\"metaslider-id-171\" style=\"width: 100%;\" class=\"ml-slider-3-60-1 metaslider metaslider-flex metaslider-171 ml-slider ms-theme-default nav-hidden\" role=\"region\" aria-roledescription=\"Slideshow\" aria-label=\"Palet\">\n    <div id=\"metaslider_container_171\">\n        <div id=\"metaslider_171\">\n            <ul aria-live=\"polite\" class=\"slides\">\n                <li style=\"display: block; width: 100%;\" class=\"slide-172 ms-image\" aria-roledescription=\"slide\" aria-label=\"slide-172\"><img loading=\"lazy\" decoding=\"async\" src=\"https:\/\/www.us-saintgilles35.org\/wp-content\/uploads\/2023\/11\/IMG-20210908-WA0005-384x164.jpg\" height=\"600\" width=\"1400\" alt=\"\" class=\"slider-171 slide-172\" title=\"Palet\" \/><\/li>\n            <\/ul>\n        <\/div>\n        \n    <\/div>\n<\/div>\n\n\n\n<h2 class=\"wp-block-heading\">Pr\u00e9sentation<\/h2>\n\n\n\n<p>Le&nbsp;palet sur planche de bois, \u00e9galement appel\u00e9&nbsp;palet breton, est un&nbsp;jeu de palets&nbsp;tr\u00e8s populaire en&nbsp;Ille-et-Vilaine, dans l\u2019est des&nbsp;C\u00f4tes-d\u2019Armor&nbsp;et le nord de la&nbsp;Loire-Atlantique, ainsi qu\u2019aux franges des d\u00e9partements limitrophes du&nbsp;Morbihan&nbsp;et de la&nbsp;Mayenne. Il fait partie de ces nombreux&nbsp;jeux de palets encore vivaces en Bretagne&nbsp;et dans l\u2019ouest de la&nbsp;France.<\/p>\n\n\n\n<p>C\u2019est un jeu structur\u00e9 en f\u00e9d\u00e9ration depuis&nbsp;2001 et qui peut se jouer en comp\u00e9tition.<\/p>\n\n\n\n<p>Voici une courte vid\u00e9o pr\u00e9sentant une apr\u00e8s-midi de palet au boulodrome de Saint-Gilles :<\/p>\n\n\n\n<h2 class=\"wp-block-heading\">Pr\u00e9sentation du bureau<\/h2>\n\n\n\n<p>Le bureau de la <strong>section Palet<\/strong> est compos\u00e9 comme suit :<\/p>\n\n\n\n<figure class=\"wp-block-table\"><table><tbody><tr><td>Responsable de section<\/td><td>Patrice Gros<\/td><td>patricegros35@hotmail.com<\/td><\/tr><tr><td>Responsable adjoint<\/td><td>Ren\u00e9 Ruelleux<\/td><td>cocorene.ruelleux13@free.fr<\/td><\/tr><tr><td>Secr\u00e9taire<\/td><td>G\u00e9rard Bouvier<\/td><td>gerard.bouvier13@wanadoo.fr<\/td><\/tr><tr><td>Secr\u00e9taire adjoint<\/td><td>Brigitte Vall\u00e9e<\/td><td>brigittte.vallee@orange.fr<\/td><\/tr><tr><td>Tr\u00e9sorier<\/td><td>Yannick Coulombel<\/td><td>yannickcoulombel@hotmail.com<\/td><\/tr><tr><td>Tr\u00e9sorier adjoint<\/td><td>Jean-Yves Besnard<\/td><td>Jean-yves.besnard0133@orange.fr<\/td><\/tr><\/tbody><\/table><\/figure>\n\n\n\n<h2 class=\"wp-block-heading\" id=\"planning\">Planning<\/h2>\n\n\n\n<p>Les parties de palet se d\u00e9roule \u00e0 Saint-Gilles aux horaires et lieux suivants :<\/p>\n\n\n\n<p>Le mercredi de 14h \u00e0 18h au local sportif ou au boulodrome<\/p>\n\n\n\n<p>Le vendredi de 20h \u00e0 23h \u00e0 la Grange ou au boulodrome<\/p>\n\n\n\n<h2 class=\"wp-block-heading\" id=\"tarifs\">Tarifs 2025-2026<\/h2>\n\n\n\n<p>Le tarif d\u2019une licence dans la section Palet est de 22 \u20ac<\/p>\n\n\n\n<div class=\"wp-block-buttons is-layout-flex wp-block-buttons-is-layout-flex\">\n<div class=\"wp-block-button\"><a class=\"wp-block-button__link wp-element-button\" href=\"https:\/\/ussg.monclub.app\/subscription\" target=\"_blank\" rel=\"noreferrer noopener\">Inscription Via Mon Club<\/a><\/div>\n<\/div>\n\n\n\n<p>Nota: Si vous n&#8217;avez pas de compte sur l&#8217;application vous pouvez utiliser le code club: <strong>ussaintgilles35<\/strong><\/p>\n\n\n\n<div class=\"wp-block-buttons is-layout-flex wp-block-buttons-is-layout-flex\"><\/div>\n","protected":false},"excerpt":{"rendered":"<p>Acc\u00e8s rapide : Planning | Tarifs | Fiche adh\u00e9sion Pr\u00e9sentation Le&nbsp;palet sur planche de bois, \u00e9galement appel\u00e9&nbsp;palet breton, est un&nbsp;jeu de palets&nbsp;tr\u00e8s populaire en&nbsp;Ille-et-Vilaine, dans &hellip; <\/p>\n","protected":false},"author":1,"featured_media":0,"parent":75,"menu_order":0,"comment_status":"closed","ping_status":"closed","template":"","meta":{"_editorskit_title_hidden":false,"_editorskit_reading_time":0,"_editorskit_is_block_options_detached":false,"_editorskit_block_options_position":"{}","footnotes":""},"class_list":["post-287","page","type-page","status-publish","hentry"],"_links":{"self":[{"href":"https:\/\/www.us-saintgilles35.org\/index.php\/wp-json\/wp\/v2\/pages\/287","targetHints":{"allow":["GET"]}}],"collection":[{"href":"https:\/\/www.us-saintgilles35.org\/index.php\/wp-json\/wp\/v2\/pages"}],"about":[{"href":"https:\/\/www.us-saintgilles35.org\/index.php\/wp-json\/wp\/v2\/types\/page"}],"author":[{"embeddable":true,"href":"https:\/\/www.us-saintgilles35.org\/index.php\/wp-json\/wp\/v2\/users\/1"}],"replies":[{"embeddable":true,"href":"https:\/\/www.us-saintgilles35.org\/index.php\/wp-json\/wp\/v2\/comments?post=287"}],"version-history":[{"count":11,"href":"https:\/\/www.us-saintgilles35.org\/index.php\/wp-json\/wp\/v2\/pages\/287\/revisions"}],"predecessor-version":[{"id":1209,"href":"https:\/\/www.us-saintgilles35.org\/index.php\/wp-json\/wp\/v2\/pages\/287\/revisions\/1209"}],"up":[{"embeddable":true,"href":"https:\/\/www.us-saintgilles35.org\/index.php\/wp-json\/wp\/v2\/pages\/75"}],"wp:attachment":[{"href":"https:\/\/www.us-saintgilles35.org\/index.php\/wp-json\/wp\/v2\/media?parent=287"}],"curies":[{"name":"wp","href":"https:\/\/api.w.org\/{rel}","templated":true}]}}