{"id":289,"date":"2023-11-29T22:31:50","date_gmt":"2023-11-29T21:31:50","guid":{"rendered":"https:\/\/www.us-saintgilles35.org\/?page_id=289"},"modified":"2025-12-13T09:15:22","modified_gmt":"2025-12-13T08:15:22","slug":"petanque","status":"publish","type":"page","link":"https:\/\/www.us-saintgilles35.org\/index.php\/les-sections\/petanque\/","title":{"rendered":"P\u00e9tanque"},"content":{"rendered":"\n<blockquote class=\"wp-block-quote is-layout-flow wp-block-quote-is-layout-flow\" id=\"pr\u00e9sentation\">\n<p>Acc\u00e8s rapide :<\/p>\n<cite><em><a class=\"quicklinks\" href=\"#planning\">Planning<\/a> | <a class=\"quicklinks\" href=\"#tarifs\">Tarifs<\/a> | <a class=\"quicklinks\" href=\"#ficheadhesion\">Fiche adh\u00e9sion<\/a><\/em> <\/cite><\/blockquote>\n\n\n\n<div id=\"metaslider-id-173\" style=\"width: 100%;\" class=\"ml-slider-3-60-1 metaslider metaslider-flex metaslider-173 ml-slider ms-theme-default nav-hidden\" role=\"region\" aria-roledescription=\"Slideshow\" aria-label=\"P\u00e9tanque\">\n    <div id=\"metaslider_container_173\">\n        <div id=\"metaslider_173\">\n            <ul aria-live=\"polite\" class=\"slides\">\n                <li style=\"display: block; width: 100%;\" class=\"slide-174 ms-image\" aria-roledescription=\"slide\" aria-label=\"slide-174\"><img loading=\"lazy\" decoding=\"async\" src=\"https:\/\/www.us-saintgilles35.org\/wp-content\/uploads\/2023\/11\/petanque-2-1080x462.jpg\" height=\"600\" width=\"1400\" alt=\"\" class=\"slider-173 slide-174\" title=\"P\u00e9tanque\" \/><\/li>\n            <\/ul>\n        <\/div>\n        \n    <\/div>\n<\/div>\n\n\n\n<h2 class=\"wp-block-heading\">Pr\u00e9sentation<\/h2>\n\n\n\n<p>Dans les ann\u00e9es 80, un petit groupe d\u2019amis de 10 \u00e0 15 personnes se donnaient rendez-vous pr\u00e8s de l\u2019\u00e9tang pour jeter la boule. Ils prenaient plaisir et passaient du bon temps. Le groupe s\u2019est \u00e9toff\u00e9 et en juin 1988, Paul Merrer, Jean Yves Duchesne, Yves le Franc d\u00e9cid\u00e8rent de cr\u00e9er une section P\u00e9tanque au sein de l\u2019USSG. Yves Le Franc fut charg\u00e9 des formalit\u00e9s. Par la suite, plusieurs personnes d\u00e9cid\u00e8rent de prendre une licence et la section adh\u00e9ra au comit\u00e9 35 et \u00e0 la F\u00e9d\u00e9ration Nationale FFJPP.<br>D\u00e8s 1985, les joueurs ont pu s\u2019entra\u00eener devant le bar et sous une petite Halle pr\u00e8s des terrains de foot alors situ\u00e9s rue de Sports, les concours pouvant se d\u00e9rouler sur le terrain de foot en stabilis\u00e9. Le nombre d\u2019adh\u00e9rents \u00e9tait alors autour d\u2019une cinquantaine et tr\u00e8s vite, l\u2019espace devint trop petit. Avec le projet de d\u00e9m\u00e9nagement des terrains de foot, pr\u00e8s de la salle du Sabot d\u2019Or, la municipalit\u00e9, \u00e0 la demande de la section et de l\u2019USSG, d\u00e9cida de construire un boulodrome semi-couvert avec aire ext\u00e9rieure. Celui-ci devint op\u00e9rationnel \u00e0 partir de l\u2019\u00e9t\u00e9 2013. Depuis cette date, le nombre d\u2019adh\u00e9rents n\u2019a cess\u00e9 d\u2019augmenter pour atteindre le nombre de 124 en 2024.<br>La section a toujours \u00e9volu\u00e9 dans un m\u00eame esprit de convivialit\u00e9 avec le choix de faire des concours pour<br>les uns, et de jouer en loisir pour les autres.<br>Depuis cet \u00e9quipement et avec l\u2019utilisation du parking P3 du Sabot d\u2019Or, la section et le comit\u00e9 35 ont organis\u00e9 de nombreux concours et comp\u00e9titions d\u00e9partementales et r\u00e9gionales pouvant accueillir parfois plus de 500 joueurs ou joueuses la m\u00eame journ\u00e9e ou sur 2 ou 3 jours.<br>En 2025, la section engagera en Championnat d\u00e9partemental des Clubs : 2 \u00e9quipes cadets, 1 \u00e9quipe minime, 1 \u00e9quipe seniors (adultes moins de 60 ans), 7 \u00e9quipes v\u00e9t\u00e9rans de 6 \u00e0 8 joueurs dont 1 f\u00e9minine.<br>Au fil des ann\u00e9es, plusieurs bureaux et responsables se sont succ\u00e9d\u00e9 :<\/p>\n\n\n\n<p><br><strong>Historique des pr\u00e9sidents de la section :<\/strong><br>1988 \u2013 2004 : Paul Merrer<br>2004 \u2013 2005 : Daniel Rassineux<br>2005 \u2013 2007 : Louis Guyon<br>2007 \u2013 2010 : Denis Le Guillou<br>2010 \u2013 2013 : Paul Merrer<br>2013 \u2013 2019 : Daniel Eveillard<br>2019-2022 : Michel Borderon<br>depuis 2023 : Marcel BERGERON<\/p>\n\n\n\n<p><br>Avec nos infrastructures, nous avons la chance de jouer toute l\u2019ann\u00e9e par tous les temps.<br>Les objectifs de la section P\u00e9tanque : Offrir la possibilit\u00e9 de se retrouver r\u00e9guli\u00e8rement, en toute simplicit\u00e9, D\u00e9velopper une v\u00e9ritable camaraderie, R\u00e9unir, dans une m\u00eame activit\u00e9 ludique, des hommes, des femmes et des enfants\u2026 Entretenir son corps par une activit\u00e9 physique<br>La section p\u00e9tanque de L\u2019USSG, affili\u00e9e au Comit\u00e9 de p\u00e9tanque d\u2019Ille et vilaine, participe via la ligue de Bretagne puis la F\u00e9d\u00e9ration Fran\u00e7aise de P\u00e9tanque et jeux proven\u00e7aux au d\u00e9veloppement du jeu de boules et de ses valeurs en vue d\u2019obtenir la reconnaissance supr\u00eame des Jeux Olympiques.<br>Sur la base d\u2019une d\u00e9marche individuelle, les adh\u00e9rents v\u00e9t\u00e9rans se retrouvent 3 fois par semaine (le mardi, le jeudi et le samedi) \u00e0 partir de 14h, au boulodrome (La halle et en ext\u00e9rieur), les seniors (moins de 60 ans) le jeudi soir \u00e0 partir de 20 H et le samedi \u00e0 partir de 14 H.<br>Pour garantir la camaraderie et l\u2019int\u00e9gration des derniers venus, les \u00e9quipes et les jeux sont d\u00e9finis \u00e0 la m\u00eal\u00e9e (tirage au sort).<br>La section est consciente que son d\u00e9veloppement passe par le maintien d\u2019un \u00e9quilibre entre les deux vecteurs que sont la \u00ab p\u00e9tanque loisir \u00bb et la \u00ab p\u00e9tanque comp\u00e9tition \u00bb. Le premier vecteur se rapporte \u00e0 la camaraderie, au plaisir d\u2019\u00eatre ensemble, le deuxi\u00e8me vecteur fait appel \u00e0 la concentration, \u00e0 l\u2019endurance, \u00e0 l\u2019envie de confronter ses capacit\u00e9s \u00e0 celle des membres des autres clubs.<\/p>\n\n\n\n<p><\/p>\n\n\n\n<h2 class=\"wp-block-heading\">L\u2019\u00e9cole de p\u00e9tanque<\/h2>\n\n\n\n<p>La section a cr\u00e9\u00e9 son \u00e9cole de p\u00e9tanque d\u00e9but 2022 . Celle-ci est reconnue par la F\u00e9d\u00e9ration Fran\u00e7aise de P\u00e9tanque et de Jeu Proven\u00e7al et vient d&#8217;obtenir le label 2 \u00e9toiles valable pour les ann\u00e9es 2025 et 2026<br>Les jeunes de 6 \u00e0 17 ans, d\u00e9butants ou confirm\u00e9s, sont entra\u00een\u00e9s par 5 adultes form\u00e9s \u00e0 l&#8217;encadrement . 2 d&#8217;entre eux ont le brevet f\u00e9d\u00e9ral, les 3 autres leur dipl\u00f4me d&#8217;initiateur.<br>En ce d\u00e9but 2025, 13 jeunes (4 juniors, 5 cadets, 1 minime et 3 benjamins) viennent r\u00e9guli\u00e8rement s\u2019entra\u00eener au boulodrome tous les dimanches matins de 10 H \u00e0 12 H et le jeudi soir (cadets et juniors) de 18 H \u00e0 19 H..<\/p>\n\n\n\n<p><br>La p\u00e9tanque est un sport complet qui allie:<\/p>\n\n\n\n<ul class=\"wp-block-list\">\n<li>La concentration et la ma\u00eetrise de soi<\/li>\n\n\n\n<li>La motivation et l\u2019esprit de comp\u00e9tition<\/li>\n\n\n\n<li>La force et la souplesse<\/li>\n\n\n\n<li>L\u2019\u00e9quilibre, l\u2019adresse et l\u2019endurance<\/li>\n\n\n\n<li>La r\u00e9flexion, le sens tactique et la strat\u00e9gie<\/li>\n\n\n\n<li>La convivialit\u00e9 et l\u2019esprit d\u2019\u00e9quipe<\/li>\n<\/ul>\n\n\n\n<p>L\u2019\u00e9cole est ouverte aux jeunes de Saint Gilles et des communes environnantes.<br>Renseignements et Contacts : Yvon TRECHE 06 26 64 06 83 \u2013 Catherine BOUIN 06 43 85 13 87<\/p>\n\n\n\n<h2 class=\"wp-block-heading\">Pr\u00e9sentation du bureau<\/h2>\n\n\n\n<figure class=\"wp-block-table\"><table><tbody><tr><td>Responsable de section<\/td><td>Marcel Bergeron<\/td><td><a href=\"https:\/\/web.archive.org\/web\/20230326081009\/mailto:marcel.bergeron@orange.fr\" target=\"_blank\" rel=\"noreferrer noopener\">marcel.bergeron@orange.fr<\/a><\/td><\/tr><tr><td>Responsable adjoint<\/td><td>Pascal Detoc<\/td><td><a href=\"https:\/\/web.archive.org\/web\/20230326081009\/mailto:pierre.bebin@orange.fr\" target=\"_blank\" rel=\"noreferrer noopener\">pascal_detoc@bbox.fr<\/a><\/td><\/tr><tr><td>Secr\u00e9taire<\/td><td>Annette Lagrille<\/td><td><a href=\"https:\/\/web.archive.org\/web\/20230326081009\/mailto:lalou.annette@neuf.fr\" target=\"_blank\" rel=\"noreferrer noopener\">lalou.annette@neuf.fr<\/a><\/td><\/tr><tr><td>&nbsp;Tr\u00e9sorier<\/td><td>&nbsp;Annick Bebin<\/td><td>&nbsp;<a href=\"https:\/\/web.archive.org\/web\/20230326081009\/mailto:g.durand9@orange.fr\" target=\"_blank\" rel=\"noreferrer noopener\">bebin.annick@orange.fr<\/a><\/td><\/tr><tr><td>Tr\u00e9sorier adjoint<\/td><td>Michelle Bebin<\/td><td><a href=\"https:\/\/web.archive.org\/web\/20230326081009\/mailto:g.durand9@orange.fr\" target=\"_blank\" rel=\"noreferrer noopener\"><\/a><a href=\"https:\/\/web.archive.org\/web\/20230326081009\/mailto:ermel.rene35@gmail.com\" target=\"_blank\" rel=\"noreferrer noopener\">michelle.bebin35@gmail.com<\/a><\/td><\/tr><tr><td>Responsable logistique \u2013 Adjoint terrains<\/td><td>Lionel Lagrille<\/td><td><\/td><\/tr><tr><td>Adjoint logistique et mat\u00e9riel<\/td><td>Pierre B\u00e9bin<\/td><td><\/td><\/tr><tr><td>D\u00e9l\u00e9gu\u00e9 au Comit\u00e9<\/td><td>Daniel Eveillard<\/td><td><\/td><\/tr><tr><td>Repr\u00e9sentant \u00c9cole de p\u00e9tanque<\/td><td>Xavier Hallier<\/td><td><\/td><\/tr><tr><td>Responsable de terrain<\/td><td>Damien Lucbernet<\/td><td><\/td><\/tr><\/tbody><\/table><\/figure>\n\n\n\n<figure class=\"wp-block-image size-full\"><img loading=\"lazy\" decoding=\"async\" width=\"800\" height=\"728\" src=\"https:\/\/www.us-saintgilles35.org\/wp-content\/uploads\/2025\/12\/bureau-2025-1.jpg\" alt=\"\" class=\"wp-image-1330\" srcset=\"https:\/\/www.us-saintgilles35.org\/wp-content\/uploads\/2025\/12\/bureau-2025-1.jpg 800w, https:\/\/www.us-saintgilles35.org\/wp-content\/uploads\/2025\/12\/bureau-2025-1-300x273.jpg 300w, https:\/\/www.us-saintgilles35.org\/wp-content\/uploads\/2025\/12\/bureau-2025-1-768x699.jpg 768w\" sizes=\"auto, (max-width: 800px) 100vw, 800px\" \/><figcaption class=\"wp-element-caption\"><strong>Le bureau saison 2025-2026<\/strong><\/figcaption><\/figure>\n\n\n\n<h2 class=\"wp-block-heading\" id=\"planning\">Planning<\/h2>\n\n\n\n<p>Les s\u00e9ances de P\u00e9tanque se d\u00e9roulent :<\/p>\n\n\n\n<ul class=\"wp-block-list\">\n<li>Le mardi, jeudi et samedi \u00e0 partir de 14h au boulodrome de Saint-Gilles<\/li>\n<\/ul>\n\n\n\n<h2 class=\"wp-block-heading\" id=\"tarifs\">Tarifs<\/h2>\n\n\n\n<p>Les tarifs pour la section P\u00e9tanque sont les suivants :<\/p>\n\n\n\n<ul class=\"wp-block-list\">\n<li>Activit\u00e9 Loisirs : 25 \u20ac<\/li>\n\n\n\n<li>Activit\u00e9 Licence : 39 \u20ac<\/li>\n\n\n\n<li>Jeunes loisir : 15 \u20ac<\/li>\n\n\n\n<li>Jeune licenci\u00e9: 25 \u20ac<\/li>\n<\/ul>\n\n\n\n<h2 class=\"wp-block-heading\" id=\"ficheadhesion\">Fiche d&#8217;adh\u00e9sion<\/h2>\n\n\n\n<div class=\"wp-block-buttons is-layout-flex wp-block-buttons-is-layout-flex\">\n<div class=\"wp-block-button\"><a class=\"wp-block-button__link wp-element-button\" href=\"https:\/\/www.us-saintgilles35.org\/wp-content\/uploads\/2024\/11\/Bulletin-dadhesion-2025.pdf\">Bulletin d&#8217;adh\u00e9sion<\/a><\/div>\n<\/div>\n\n\n\n<h2 class=\"wp-block-heading\">Prochainement<\/h2>\n\n\n\n<div class=\"wp-block-buttons is-layout-flex wp-block-buttons-is-layout-flex\">\n<div class=\"wp-block-button\"><a class=\"wp-block-button__link wp-element-button\" href=\"https:\/\/ussg.monclub.app\/subscription\" target=\"_blank\" rel=\"noreferrer noopener\">Inscription via Mon Club<\/a><\/div>\n<\/div>\n\n\n\n<p>Nota: Si vous n&#8217;avez pas de compte sur l&#8217;application vous pouvez utiliser le code club: <strong>ussaintgilles35<\/strong><\/p>\n\n\n\n<h2 class=\"wp-block-heading\"><strong>NOS DOCUMENTS<\/strong><\/h2>\n\n\n\n<div class=\"wp-block-buttons is-layout-flex wp-block-buttons-is-layout-flex\">\n<div class=\"wp-block-button\"><a class=\"wp-block-button__link wp-element-button\" href=\"https:\/\/www.us-saintgilles35.org\/wp-content\/uploads\/2025\/12\/Rapport-dactivites-2025.odt\">Rapport d&#8217;activit\u00e9 2025<\/a><\/div>\n<\/div>\n\n\n\n<div class=\"wp-block-buttons is-layout-flex wp-block-buttons-is-layout-flex\">\n<div class=\"wp-block-button\"><a class=\"wp-block-button__link wp-element-button\" href=\"https:\/\/www.us-saintgilles35.org\/wp-content\/uploads\/2025\/12\/Rapport-Financier-21.11.2025.jpg\">Comptes 2025<\/a><\/div>\n<\/div>\n\n\n\n<div class=\"wp-block-buttons is-layout-flex wp-block-buttons-is-layout-flex\">\n<div class=\"wp-block-button\"><a class=\"wp-block-button__link wp-element-button\" href=\"https:\/\/www.us-saintgilles35.org\/wp-content\/uploads\/2025\/12\/Rapport-d-orientation-2025-AG-21.11.25.odt\">Rapport d&#8217;orientations 2025<\/a><\/div>\n<\/div>\n\n\n\n<div class=\"wp-block-buttons is-layout-flex wp-block-buttons-is-layout-flex\">\n<div class=\"wp-block-button\"><a class=\"wp-block-button__link wp-element-button\" href=\"https:\/\/www.us-saintgilles35.org\/wp-content\/uploads\/2025\/12\/Proces-Verbal-AG-21.11.25-scaled.jpg\">Proc\u00e8s verbal AG 2025<\/a><\/div>\n<\/div>\n\n\n\n<h1 class=\"wp-block-heading\">Nos partenaires<\/h1>\n\n\n\n<ul class=\"wp-block-list\">\n<li><strong>La florentine<\/strong><\/li>\n\n\n\n<li><strong>Groupe COS<\/strong><\/li>\n\n\n\n<li><strong>Sport 2000<\/strong><\/li>\n\n\n\n<li><strong>Br\u00e9tic<\/strong><\/li>\n<\/ul>\n","protected":false},"excerpt":{"rendered":"<p>Acc\u00e8s rapide : Planning | Tarifs | Fiche adh\u00e9sion Pr\u00e9sentation Dans les ann\u00e9es 80, un petit groupe d\u2019amis de 10 \u00e0 15 personnes se donnaient &hellip; <\/p>\n","protected":false},"author":1,"featured_media":0,"parent":75,"menu_order":0,"comment_status":"closed","ping_status":"closed","template":"","meta":{"_editorskit_title_hidden":false,"_editorskit_reading_time":0,"_editorskit_is_block_options_detached":false,"_editorskit_block_options_position":"{}","footnotes":""},"class_list":["post-289","page","type-page","status-publish","hentry"],"_links":{"self":[{"href":"https:\/\/www.us-saintgilles35.org\/index.php\/wp-json\/wp\/v2\/pages\/289","targetHints":{"allow":["GET"]}}],"collection":[{"href":"https:\/\/www.us-saintgilles35.org\/index.php\/wp-json\/wp\/v2\/pages"}],"about":[{"href":"https:\/\/www.us-saintgilles35.org\/index.php\/wp-json\/wp\/v2\/types\/page"}],"author":[{"embeddable":true,"href":"https:\/\/www.us-saintgilles35.org\/index.php\/wp-json\/wp\/v2\/users\/1"}],"replies":[{"embeddable":true,"href":"https:\/\/www.us-saintgilles35.org\/index.php\/wp-json\/wp\/v2\/comments?post=289"}],"version-history":[{"count":43,"href":"https:\/\/www.us-saintgilles35.org\/index.php\/wp-json\/wp\/v2\/pages\/289\/revisions"}],"predecessor-version":[{"id":1333,"href":"https:\/\/www.us-saintgilles35.org\/index.php\/wp-json\/wp\/v2\/pages\/289\/revisions\/1333"}],"up":[{"embeddable":true,"href":"https:\/\/www.us-saintgilles35.org\/index.php\/wp-json\/wp\/v2\/pages\/75"}],"wp:attachment":[{"href":"https:\/\/www.us-saintgilles35.org\/index.php\/wp-json\/wp\/v2\/media?parent=289"}],"curies":[{"name":"wp","href":"https:\/\/api.w.org\/{rel}","templated":true}]}}