{"id":293,"date":"2023-11-29T22:32:32","date_gmt":"2023-11-29T21:32:32","guid":{"rendered":"https:\/\/www.us-saintgilles35.org\/?page_id=293"},"modified":"2025-08-26T11:41:20","modified_gmt":"2025-08-26T09:41:20","slug":"tennis","status":"publish","type":"page","link":"https:\/\/www.us-saintgilles35.org\/index.php\/les-sections\/tennis\/","title":{"rendered":"Tennis"},"content":{"rendered":"\n<blockquote class=\"wp-block-quote is-layout-flow wp-block-quote-is-layout-flow\" id=\"pr\u00e9sentation\">\n<p>Acc\u00e8s rapide :<\/p>\n<cite><em><a class=\"quicklinks\" href=\"#planning\">Planning<\/a> | <a class=\"quicklinks\" href=\"#tarifs\">Tarifs<\/a> | <a class=\"quicklinks\" href=\"#ficheadhesion\">Fiche adh\u00e9sion<\/a><\/em> <\/cite><\/blockquote>\n\n\n\n<figure class=\"wp-block-table\"><table><tbody><tr><td><\/td><td><div id=\"metaslider-id-177\" style=\"width: 100%;\" class=\"ml-slider-3-60-1 metaslider metaslider-flex metaslider-177 ml-slider ms-theme-default nav-hidden\" role=\"region\" aria-roledescription=\"Slideshow\" aria-label=\"Tennis\">\n    <div id=\"metaslider_container_177\">\n        <div id=\"metaslider_177\">\n            <ul aria-live=\"polite\" class=\"slides\">\n                <li style=\"display: block; width: 100%;\" class=\"slide-1195 ms-image\" aria-roledescription=\"slide\" aria-label=\"slide-1195\"><img loading=\"lazy\" decoding=\"async\" src=\"https:\/\/www.us-saintgilles35.org\/wp-content\/uploads\/2025\/07\/jeune-fiile-595x255.jpg\" height=\"600\" width=\"1400\" alt=\"\" class=\"slider-177 slide-1195\" title=\"jeune-fiile\" \/><\/li>\n            <\/ul>\n        <\/div>\n        \n    <\/div>\n<\/div><\/td><\/tr><\/tbody><\/table><\/figure>\n\n\n\n<h2 class=\"wp-block-heading\">Pr\u00e9sentation<\/h2>\n\n\n\n<p>La section tennis vous offre la possibilit\u00e9 de pratiquer votre sport favori. Nous disposons de 2 salles omnisport mais \u00e9galement 2 terrains en ext\u00e9rieur.<\/p>\n\n\n\n<p>Ce tennis club dynamique met \u00e0 votre disposition une gamme vari\u00e9e d\u2019activit\u00e9s.(championnat individuel, par \u00e9quipes, information sur tournois, manifestations li\u00e9es \u00e0 la pratique du tennis, f\u00eate conviviale St Gilloise, \u2026)<\/p>\n\n\n\n<p>Les enfants commencent par acqu\u00e9rir les bases au sein de notre \u00e9cole de tennis. Ils sont encadr\u00e9s par des \u00e9ducateurs brevet\u00e9 d\u2019\u00e9tat. Les plus motiv\u00e9s sont par la suite int\u00e9gr\u00e9s aux \u00e9quipes de comp\u00e9tition. Les adultes ne sont pas oubli\u00e9s, des d\u00e9butants aux confirm\u00e9s, tout le monde \u00e0 sa place.<\/p>\n\n\n\n<p>Le tennis loisir est \u00e9galement possible, pratique sans formation assur\u00e9e, sur cr\u00e9neaux sp\u00e9cifiques en int\u00e9rieur, libre en ext\u00e9rieur.<\/p>\n\n\n\n<h2 class=\"wp-block-heading\">Le bureau<\/h2>\n\n\n\n<p><strong><em>Responsable de la section Tennis :<\/em><\/strong><\/p>\n\n\n\n<p>&#8211; Pr\u00e9sident : Eric Mercier <\/p>\n\n\n\n<p>Tr\u00e9sorier : Jacques Verly <\/p>\n\n\n\n<p>Secr\u00e9taire : Fr\u00e9d\u00e9ric Le bastard<\/p>\n\n\n\n<h2 class=\"wp-block-heading\" id=\"planning\">Planning<\/h2>\n\n\n\n<figure class=\"wp-block-table\"><table><tbody><tr><td>Lundi<\/td><td>17h \u2013 19h30<\/td><\/tr><tr><td>Mardi<\/td><td>20h-21h30<\/td><\/tr><tr><td>Mercredi<\/td><td>18h \u2013 22h<\/td><\/tr><tr><td>Jeudi<\/td><td>17h \u2013 22h<\/td><\/tr><\/tbody><\/table><\/figure>\n\n\n\n<h2 class=\"wp-block-heading\">Date de d\u00e9but des cours<\/h2>\n\n\n\n<p>Coralie : lundi 15 septembre 2025<\/p>\n\n\n\n<p> Killian : Mardi 16 septembre 2025<\/p>\n\n\n\n<p>Mickael : Jeudi 18 septembre 2025<\/p>\n\n\n\n<h2 class=\"wp-block-heading\" id=\"tarifs\">Tarifs 2025-2026<\/h2>\n\n\n\n<p>Sont inclus dans la cotisation : Les acc\u00e8s aux salles sur les cr\u00e9neaux \u00ab&nbsp;loisirs&nbsp;\u00bb, l\u2019\u00e9clairage, les inscriptions comp\u00e9tition d\u00e9cid\u00e9es par le club, les balles enseignement\/comp\u00e9tition, animations gratuites d\u00e9cid\u00e9es par le club, esprit d\u2019\u00e9quipe et bonne humeur\u2026<\/p>\n\n\n\n<figure class=\"wp-block-table\"><table><tbody><tr><td><strong>Cat\u00e9gorie<\/strong><\/td><td><strong>Type de pratique<\/strong><\/td><td><strong>Adh\u00e9sion<\/strong><\/td><\/tr><tr><td>Adultes<\/td><td>Acc\u00e8s salle + 1 h de cours semaine + licence<\/td><td>210\u20ac<\/td><\/tr><tr><td>Adultes licence<\/td><td>Acc\u00e8s salle + licence<\/td><td>35\u20ac<\/td><\/tr><tr><td>Moins de 16 ans<\/td><td>Acc\u00e8s salle et 1h de cours\/semaine<\/td><td>155\u20ac<\/td><\/tr><tr><td>Adulte loisir<\/td><td>Acc\u00e8s salle<\/td><td>135\u20ac<\/td><\/tr><tr><td>Licences jeune (-18ans)<\/td><td>Licence comp\u00e9tition<\/td><td>25\u20ac<\/td><\/tr><\/tbody><\/table><\/figure>\n\n\n\n<h2 class=\"wp-block-heading\" id=\"ficheadhesion\">Adh\u00e9sion<\/h2>\n\n\n\n<div class=\"wp-block-buttons is-layout-flex wp-block-buttons-is-layout-flex\">\n<div class=\"wp-block-button\"><a class=\"wp-block-button__link wp-element-button\" href=\"https:\/\/ussg.monclub.app\/subscription\" target=\"_blank\" rel=\"noreferrer noopener\">Inscription via Mon Club<\/a><\/div>\n<\/div>\n\n\n\n<p>Nota: Si vous n&#8217;avez pas de compte sur l&#8217;application vous pouvez utiliser le code club: <strong>ussaintgilles35<\/strong><\/p>\n","protected":false},"excerpt":{"rendered":"<p>Acc\u00e8s rapide : Planning | Tarifs | Fiche adh\u00e9sion Pr\u00e9sentation La section tennis vous offre la possibilit\u00e9 de pratiquer votre sport favori. Nous disposons de &hellip; <\/p>\n","protected":false},"author":1,"featured_media":0,"parent":75,"menu_order":0,"comment_status":"closed","ping_status":"closed","template":"","meta":{"_editorskit_title_hidden":false,"_editorskit_reading_time":0,"_editorskit_is_block_options_detached":false,"_editorskit_block_options_position":"{}","footnotes":""},"class_list":["post-293","page","type-page","status-publish","hentry"],"_links":{"self":[{"href":"https:\/\/www.us-saintgilles35.org\/index.php\/wp-json\/wp\/v2\/pages\/293","targetHints":{"allow":["GET"]}}],"collection":[{"href":"https:\/\/www.us-saintgilles35.org\/index.php\/wp-json\/wp\/v2\/pages"}],"about":[{"href":"https:\/\/www.us-saintgilles35.org\/index.php\/wp-json\/wp\/v2\/types\/page"}],"author":[{"embeddable":true,"href":"https:\/\/www.us-saintgilles35.org\/index.php\/wp-json\/wp\/v2\/users\/1"}],"replies":[{"embeddable":true,"href":"https:\/\/www.us-saintgilles35.org\/index.php\/wp-json\/wp\/v2\/comments?post=293"}],"version-history":[{"count":13,"href":"https:\/\/www.us-saintgilles35.org\/index.php\/wp-json\/wp\/v2\/pages\/293\/revisions"}],"predecessor-version":[{"id":1217,"href":"https:\/\/www.us-saintgilles35.org\/index.php\/wp-json\/wp\/v2\/pages\/293\/revisions\/1217"}],"up":[{"embeddable":true,"href":"https:\/\/www.us-saintgilles35.org\/index.php\/wp-json\/wp\/v2\/pages\/75"}],"wp:attachment":[{"href":"https:\/\/www.us-saintgilles35.org\/index.php\/wp-json\/wp\/v2\/media?parent=293"}],"curies":[{"name":"wp","href":"https:\/\/api.w.org\/{rel}","templated":true}]}}