{"id":295,"date":"2023-11-29T22:32:54","date_gmt":"2023-11-29T21:32:54","guid":{"rendered":"https:\/\/www.us-saintgilles35.org\/?page_id=295"},"modified":"2025-08-12T09:32:31","modified_gmt":"2025-08-12T07:32:31","slug":"tennis-de-table","status":"publish","type":"page","link":"https:\/\/www.us-saintgilles35.org\/index.php\/les-sections\/tennis-de-table\/","title":{"rendered":"Tennis de table"},"content":{"rendered":"\n<blockquote class=\"wp-block-quote is-layout-flow wp-block-quote-is-layout-flow\" id=\"pr\u00e9sentation\">\n<p>Acc\u00e8s rapide :<\/p>\n<cite><em><a class=\"quicklinks\" href=\"#planning\">Planning<\/a> | <a class=\"quicklinks\" href=\"#tarifs\">Tarifs<\/a> | <a class=\"quicklinks\" href=\"#ficheadhesion\">Fiche adh\u00e9sion<\/a><\/em> <\/cite><\/blockquote>\n\n\n\n<div id=\"metaslider-id-179\" style=\"width: 100%;\" class=\"ml-slider-3-60-1 metaslider metaslider-flex metaslider-179 ml-slider ms-theme-default nav-hidden\" role=\"region\" aria-roledescription=\"Slideshow\" aria-label=\"Tennis de Table\">\n    <div id=\"metaslider_container_179\">\n        <div id=\"metaslider_179\">\n            <ul aria-live=\"polite\" class=\"slides\">\n                <li style=\"display: block; width: 100%;\" class=\"slide-180 ms-image\" aria-roledescription=\"slide\" aria-label=\"slide-180\"><img loading=\"lazy\" decoding=\"async\" src=\"https:\/\/www.us-saintgilles35.org\/wp-content\/uploads\/2023\/12\/photo-seance-de-tennis-de-table-USSG-scaled-1400x600.jpg\" height=\"600\" width=\"1400\" alt=\"\" class=\"slider-179 slide-180\" title=\"photo s\u00e9ance de tennis de table USSG\" \/><\/li>\n            <\/ul>\n        <\/div>\n        \n    <\/div>\n<\/div>\n\n\n\n<h2 class=\"wp-block-heading\">Pr\u00e9sentation<\/h2>\n\n\n\n<p>La section Tennis de Table a \u00e9t\u00e9 cr\u00e9\u00e9e en 1955 et est donc une une pionni\u00e8re au sein de l\u2019U.S. St. Gilles.<br>Aujourd\u2019hui, elle se d\u00e9compose en deux parties&nbsp;: l\u2019\u00e9cole de Tennis de Table et la section \u00ab&nbsp;Adultes loisirs\/comp\u00e9titions&nbsp;\u00bb<\/p>\n\n\n\n<p>L\u2019\u00e9cole s\u2019adresse aux enfants jusqu\u2019\u00e0 14 ans. Elle est encadr\u00e9e par un \u00e9ducateur sportif brevet\u00e9. Un p\u00e9dibus est mis en place depuis les \u00e9coles de St Gilles, permettant aux enfants d\u2019\u00eatre accompagn\u00e9s par les animateurs, jusqu\u2019\u00e0 la salle de tennis de table.<br>Lorsque le nombre et le niveau des jeunes le permettent,<br>les joueurs ont la possibilit\u00e9 de participer au championnat d\u00e9partemental \u00ab&nbsp;jeunes&nbsp;\u00bb<\/p>\n\n\n\n<p>La section adulte est ouverte tant \u00e0 ceux qui souhaitent participer aux comp\u00e9titions d\u00e9partementales qu\u2019\u00e0 ceux qui d\u00e9sirent pratiquer le tennis de table comme simple loisir.<\/p>\n\n\n\n<p>La salle o\u00f9 se pratique le Tennis de table se trouve dans le local sportif, situ\u00e9 juste apr\u00e8s le grand gymnase&nbsp;:<br>rue des sports, 35590 Saint Gilles<\/p>\n\n\n\n<h2 class=\"wp-block-heading\">Composition de la section Tennis de table<\/h2>\n\n\n\n<figure class=\"wp-block-table\"><table><tbody><tr><td>Responsable de section<\/td><td>Philippe Moalic<\/td><\/tr><tr><td>Responsable jeunes<\/td><td>Fabien Gougeon<\/td><\/tr><tr><td>Tr\u00e9sorier<\/td><td>Herv\u00e9 Sala\u00fcn<\/td><\/tr><tr><td>Secr\u00e9taire <\/td><td>Philippe Moalic, Herv\u00e9 Sala\u00fcn<\/td><\/tr><tr><td>Entraineur des jeunes<\/td><td>Mickael Pellan<\/td><\/tr><\/tbody><\/table><\/figure>\n\n\n\n<h2 class=\"wp-block-heading\" id=\"planning\">Planning<\/h2>\n\n\n\n<p>Notre club de tennis de table est ouvert \u00e0 tous, quelque soit votre \u00e2ge et votre niveau. Diff\u00e9rents cr\u00e9neaux sont propos\u00e9s&nbsp;:<\/p>\n\n\n\n<p>Pour les jeunes (de 6 \u00e0 11 ans)&nbsp;: entrainement le <strong>mardi 17h \u00e0 18h30<\/strong>.<br>Celui-ci est dirig\u00e9 par notre entra\u00eeneur certifi\u00e9&nbsp;: Micka\u00ebl Pellan.<\/p>\n\n\n\n<p>Le <strong>mardi de 20h15 \u00e0 22h15<\/strong>, un entra\u00eenement est dirig\u00e9 par un joueur licenci\u00e9 en comp\u00e9tition<\/p>\n\n\n\n<p>Le <strong>vendredi \u00e0 partir de 20h30<\/strong>, la salle est ouverte pour un entra\u00eenement libre ouvert \u00e0 tous les adultes sauf les jours de comp\u00e9tition des \u00e9quipes du club<br><br>Le <strong>dimanche de 10 h \u00e0 12 h<\/strong>, la salle est ouverte pour un entra\u00eenement libre.<\/p>\n\n\n\n<h2 class=\"wp-block-heading\" id=\"tarifs\">Tarifs 2025-2026<\/h2>\n\n\n\n<figure class=\"wp-block-table\"><table><tbody><tr><td>Adultes (licence comp\u00e9tition)<\/td><td>120 \u20ac<\/td><\/tr><tr><td>Adultes (licence loisirs)<\/td><td>80 \u20ac<\/td><\/tr><tr><td>Jeunes + 13 ans (licence comp\u00e9tition)<\/td><td>90 \u20ac<\/td><\/tr><tr><td>Jeunes + 13 ans (licence loisirs)<\/td><td>80 \u20ac<\/td><\/tr><\/tbody><\/table><\/figure>\n\n\n\n<h2 class=\"wp-block-heading\" id=\"ficheadhesion\">Fiche d&#8217;adh\u00e9sion<\/h2>\n\n\n\n<div class=\"wp-block-buttons is-layout-flex wp-block-buttons-is-layout-flex\">\n<div class=\"wp-block-button\"><a class=\"wp-block-button__link wp-element-button\" href=\"https:\/\/ussg.monclub.app\/subscription\" target=\"_blank\" rel=\"noreferrer noopener\">Inscription via Mon Club<\/a><\/div>\n<\/div>\n\n\n\n<p>Nota: Si vous n&#8217;avez pas de compte sur l&#8217;application vous pouvez utiliser le code club: <strong>ussaintgilles35<\/strong><\/p>\n","protected":false},"excerpt":{"rendered":"<p>Acc\u00e8s rapide : Planning | Tarifs | Fiche adh\u00e9sion Pr\u00e9sentation La section Tennis de Table a \u00e9t\u00e9 cr\u00e9\u00e9e en 1955 et est donc une une &hellip; <\/p>\n","protected":false},"author":1,"featured_media":0,"parent":75,"menu_order":0,"comment_status":"closed","ping_status":"closed","template":"","meta":{"_editorskit_title_hidden":false,"_editorskit_reading_time":0,"_editorskit_is_block_options_detached":false,"_editorskit_block_options_position":"{}","footnotes":""},"class_list":["post-295","page","type-page","status-publish","hentry"],"_links":{"self":[{"href":"https:\/\/www.us-saintgilles35.org\/index.php\/wp-json\/wp\/v2\/pages\/295","targetHints":{"allow":["GET"]}}],"collection":[{"href":"https:\/\/www.us-saintgilles35.org\/index.php\/wp-json\/wp\/v2\/pages"}],"about":[{"href":"https:\/\/www.us-saintgilles35.org\/index.php\/wp-json\/wp\/v2\/types\/page"}],"author":[{"embeddable":true,"href":"https:\/\/www.us-saintgilles35.org\/index.php\/wp-json\/wp\/v2\/users\/1"}],"replies":[{"embeddable":true,"href":"https:\/\/www.us-saintgilles35.org\/index.php\/wp-json\/wp\/v2\/comments?post=295"}],"version-history":[{"count":14,"href":"https:\/\/www.us-saintgilles35.org\/index.php\/wp-json\/wp\/v2\/pages\/295\/revisions"}],"predecessor-version":[{"id":1211,"href":"https:\/\/www.us-saintgilles35.org\/index.php\/wp-json\/wp\/v2\/pages\/295\/revisions\/1211"}],"up":[{"embeddable":true,"href":"https:\/\/www.us-saintgilles35.org\/index.php\/wp-json\/wp\/v2\/pages\/75"}],"wp:attachment":[{"href":"https:\/\/www.us-saintgilles35.org\/index.php\/wp-json\/wp\/v2\/media?parent=295"}],"curies":[{"name":"wp","href":"https:\/\/api.w.org\/{rel}","templated":true}]}}