{"id":297,"date":"2023-11-29T22:33:17","date_gmt":"2023-11-29T21:33:17","guid":{"rendered":"https:\/\/www.us-saintgilles35.org\/?page_id=297"},"modified":"2025-10-25T13:45:38","modified_gmt":"2025-10-25T11:45:38","slug":"yoga","status":"publish","type":"page","link":"https:\/\/www.us-saintgilles35.org\/index.php\/les-sections\/yoga\/","title":{"rendered":"Yoga"},"content":{"rendered":"\n<blockquote class=\"wp-block-quote is-layout-flow wp-block-quote-is-layout-flow\" id=\"pr\u00e9sentation\">\n<p>Acc\u00e8s rapide :<\/p>\n<cite><em><a class=\"quicklinks\" href=\"#planning\">Planning<\/a> | <a class=\"quicklinks\" href=\"#tarifs\">Tarifs<\/a> | <a class=\"quicklinks\" href=\"#ficheadhesion\">Fiche adh\u00e9sion<\/a><\/em> <\/cite><\/blockquote>\n\n\n\n<div id=\"metaslider-id-153\" style=\"width: 100%;\" class=\"ml-slider-3-60-1 metaslider metaslider-flex metaslider-153 ml-slider ms-theme-default nav-hidden\" role=\"region\" aria-roledescription=\"Slideshow\" aria-label=\"Yoga\">\n    <div id=\"metaslider_container_153\">\n        <div id=\"metaslider_153\">\n            <ul aria-live=\"polite\" class=\"slides\">\n                <li style=\"display: block; width: 100%;\" class=\"slide-154 ms-image\" aria-roledescription=\"slide\" aria-label=\"slide-154\"><img loading=\"lazy\" decoding=\"async\" src=\"https:\/\/www.us-saintgilles35.org\/wp-content\/uploads\/2023\/11\/yoga-1-1080x462.jpg\" height=\"600\" width=\"1400\" alt=\"\" class=\"slider-153 slide-154\" title=\"Yoga\" \/><\/li>\n            <\/ul>\n        <\/div>\n        \n    <\/div>\n<\/div>\n\n\n\n<h2 class=\"wp-block-heading\">Pr\u00e9sentation<\/h2>\n\n\n\n<p>L\u2019activit\u00e9 YOGA au sein de l\u2019USSG a d\u00e9but\u00e9 en Septembre 1980 avec une progression constante des adh\u00e9sions, nous sommes actuellement 105 adh\u00e9rents r\u00e9partis sur 5 cours hebdomadaires<\/p>\n\n\n\n<p>La pratique du yoga permet \u00e0 chacun d\u2019introduire dans sa vie un temps de pause et de silence gr\u00e2ce \u00e0 un travail du corps et du souffle li\u00e9 au mental.<br>L\u2019objectif est une recherche de d\u00e9tente et de concentration.<br>Il permet aussi d\u2019exp\u00e9rimenter et d\u2019am\u00e9liorer assouplissement et \u00e9quilibre.<br>Il se pratique sur un rythme adapt\u00e9 \u00e0 chacun, tout le monde peut donc y participer.<\/p>\n\n\n\n<p>Ces cours s\u2019effectuent sous le contr\u00f4le d\u2019une professeure agr\u00e9\u00e9e.<\/p>\n\n\n\n<p>Des stages de d\u00e9couverte \/ approfondissements de pratiques pourront \u00eatre propos\u00e9s durant l\u2019ann\u00e9e<\/p>\n\n\n\n<h2 class=\"wp-block-heading\">Pr\u00e9sentation du bureau<\/h2>\n\n\n\n<p>Co-responsables de section&nbsp;: Sylvie BUSNEL et St\u00e9phanie BONSERGENT<\/p>\n\n\n\n<p>Membres du Bureau&nbsp;: Fr\u00e9d\u00e9rique BLIN, Th\u00e9r\u00e8se GUERIN, Yolande HILAIRET, Val\u00e9rie TOUPIN, Anne Rou\u00e9 LE GALL, Delphine PETIT<\/p>\n\n\n\n<ul class=\"wp-block-list\">\n<li>Pour nous contacter&nbsp;: <strong><a href=\"mailto:ussg.yoga@gmail.com\" target=\"_blank\" rel=\"noreferrer noopener\"><strong><\/strong><\/a><strong><a href=\"mailto:ussg.yoga@gmail.com\" target=\"_blank\" rel=\"noreferrer noopener\">ussg.yoga@gmail.com<\/a><\/strong><\/strong><\/li>\n<\/ul>\n\n\n\n<h2 class=\"wp-block-heading\" id=\"planning\">Planning<\/h2>\n\n\n\n<p>S\u00e9ances de 1h15&nbsp;:<\/p>\n\n\n\n<ul class=\"wp-block-list\">\n<li><strong>Nouveau:<\/strong> Le lundi de 18h00 \u00e0 19h15<\/li>\n\n\n\n<li>&nbsp;Les Mardis&nbsp;: de 19h00 \u00e0 20h15 et de 20h30 \u00e0 21h45<\/li>\n\n\n\n<li>Les Mercredis&nbsp;: de 17h00 \u00e0 18h15 et de 18h30 \u00e0 19h45<br><\/li>\n\n\n\n<li><em>(Sauf vacances scolaires)<\/em><\/li>\n<\/ul>\n\n\n\n<p>Pour connaitre au mieux le planning veuillez cliquer ci dessous<\/p>\n\n\n\n<div class=\"wp-block-buttons is-layout-flex wp-block-buttons-is-layout-flex\">\n<div class=\"wp-block-button\"><a class=\"wp-block-button__link wp-element-button\" href=\"https:\/\/www.us-saintgilles35.org\/wp-content\/uploads\/2025\/09\/USSG-Yoga-Calendrier-2025-2026.pdf\">Le Planning 2025-2026<\/a><\/div>\n<\/div>\n\n\n\n<div class=\"wp-block-buttons is-layout-flex wp-block-buttons-is-layout-flex\">\n<div class=\"wp-block-button\"><a class=\"wp-block-button__link wp-element-button\" href=\"https:\/\/www.facebook.com\/people\/Ussg-Yoga\/pfbid03uA5Fsf2ykuFdpBM7gVafuUcRfHUMM6pJzCUPa2smBaJqTmewqENqw4gwEKkxvtRl\/\">Page Facebook du Yoga<\/a><\/div>\n<\/div>\n\n\n\n<p><strong>Lieu de pratique&nbsp;<\/strong><\/p>\n\n\n\n<p>Les cours se d\u00e9roulent dans la salle NEVEZ (rez-de-chauss\u00e9e droit de la Mairie, rue du Centre)<\/p>\n\n\n\n<p><strong>Nom de l\u2019animatrice :<\/strong> Mme Anne LENEILLON<\/p>\n\n\n\n<h2 class=\"wp-block-heading\" id=\"tarifs\">Tarifs<\/h2>\n\n\n\n<p>Adh\u00e9sion2025-2026&nbsp;: 165\u20ac (ch\u00e8ques\/ ch\u00e8ques vacances\/ carte Sortir, pas de CB ni d\u2019esp\u00e8ces)<\/p>\n\n\n\n<p><em>Un cours d\u2019essai peut vous \u00eatre propos\u00e9 en juin pour une inscription \u00e0 partir du mois de septembre suivant<\/em><\/p>\n\n\n\n<h2 class=\"wp-block-heading\" id=\"ficheadhesion\">Adh\u00e9sion<\/h2>\n\n\n\n<div class=\"wp-block-buttons is-layout-flex wp-block-buttons-is-layout-flex\">\n<div class=\"wp-block-button\"><a class=\"wp-block-button__link wp-element-button\" href=\"https:\/\/ussg.monclub.app\/subscription\">Adh\u00e9sion via Mon club<\/a><\/div>\n<\/div>\n\n\n\n<p>Nota: Si vous n&#8217;avez pas de compte sur l&#8217;application vous pouvez utiliser le code club: <strong>ussaintgilles35<\/strong><\/p>\n\n\n\n<p class=\"has-vivid-red-color has-text-color has-link-color wp-elements-c9365267f914bd71ea50e5e539e3962b\"><\/p>\n\n\n\n<h2 class=\"wp-block-heading\">La section Yoga s&#8217;associe \u00e0 l&#8217;action octobre rose<\/h2>\n\n\n\n<p>Les adh\u00e9rents de la section yoga se sont mobilis\u00e9s pour la sensibilisation \u00e0 la lutte contre le cancer du sein dans le cadre d&#8217;Octobre Rose.<\/p>\n\n\n<div id=\"metaslider-id-1284\" style=\"width: 100%;\" class=\"ml-slider-3-60-1 metaslider metaslider-flex metaslider-1284 ml-slider ms-theme-default nav-hidden nav-hidden\" role=\"region\" aria-roledescription=\"Slideshow\" aria-label=\"Octobre rose\">\n    <div id=\"metaslider_container_1284\">\n        <div id=\"metaslider_1284\">\n            <ul aria-live=\"polite\" class=\"slides\">\n                <li style=\"display: block; width: 100%;\" class=\"slide-1291 ms-image\" aria-roledescription=\"slide\" aria-label=\"slide-1291\"><img loading=\"lazy\" decoding=\"async\" src=\"https:\/\/www.us-saintgilles35.org\/wp-content\/uploads\/2025\/10\/WhatsApp-Image-2025-10-16-at-21.32.32-1400x600.jpeg\" height=\"600\" width=\"1400\" alt=\"\" class=\"slider-1284 slide-1291\" title=\"WhatsApp Image 2025-10-16 at 21.32.32\" \/><\/li>\n                <li style=\"display: none; width: 100%;\" class=\"slide-1292 ms-image\" aria-roledescription=\"slide\" aria-label=\"slide-1292\"><img loading=\"lazy\" decoding=\"async\" src=\"https:\/\/www.us-saintgilles35.org\/wp-content\/uploads\/2025\/10\/WhatsApp-Image-2025-10-16-at-21.00.07-799x342.jpeg\" height=\"600\" width=\"1400\" alt=\"\" class=\"slider-1284 slide-1292\" title=\"WhatsApp Image 2025-10-16 at 21.00.07\" \/><\/li>\n                <li style=\"display: none; width: 100%;\" class=\"slide-1293 ms-image\" aria-roledescription=\"slide\" aria-label=\"slide-1293\"><img loading=\"lazy\" decoding=\"async\" src=\"https:\/\/www.us-saintgilles35.org\/wp-content\/uploads\/2025\/10\/WhatsApp-Image-2025-10-16-at-21.02.48-563x241.jpeg\" height=\"600\" width=\"1400\" alt=\"\" class=\"slider-1284 slide-1293\" title=\"WhatsApp Image 2025-10-16 at 21.02.48\" \/><\/li>\n                <li style=\"display: none; width: 100%;\" class=\"slide-1294 ms-image\" aria-roledescription=\"slide\" aria-label=\"slide-1294\"><img loading=\"lazy\" decoding=\"async\" src=\"https:\/\/www.us-saintgilles35.org\/wp-content\/uploads\/2025\/10\/WhatsApp-Image-2025-10-16-at-21.02.50-799x342.jpeg\" height=\"600\" width=\"1400\" alt=\"\" class=\"slider-1284 slide-1294\" title=\"WhatsApp Image 2025-10-16 at 21.02.50\" \/><\/li>\n                <li style=\"display: none; width: 100%;\" class=\"slide-1295 ms-image\" aria-roledescription=\"slide\" aria-label=\"slide-1295\"><img loading=\"lazy\" decoding=\"async\" src=\"https:\/\/www.us-saintgilles35.org\/wp-content\/uploads\/2025\/10\/WhatsApp-Image-2025-10-16-at-21.01.11-563x241.jpeg\" height=\"600\" width=\"1400\" alt=\"\" class=\"slider-1284 slide-1295\" title=\"WhatsApp Image 2025-10-16 at 21.01.11\" \/><\/li>\n                <li style=\"display: none; width: 100%;\" class=\"slide-1296 ms-image\" aria-roledescription=\"slide\" aria-label=\"slide-1296\"><img loading=\"lazy\" decoding=\"async\" src=\"https:\/\/www.us-saintgilles35.org\/wp-content\/uploads\/2025\/10\/WhatsApp-Image-2025-10-16-at-21.01.10-599x256.jpeg\" height=\"600\" width=\"1400\" alt=\"\" class=\"slider-1284 slide-1296\" title=\"WhatsApp Image 2025-10-16 at 21.01.10\" \/><\/li>\n            <\/ul>\n        <\/div>\n        \n    <\/div>\n<\/div>\n","protected":false},"excerpt":{"rendered":"<p>Acc\u00e8s rapide : Planning | Tarifs | Fiche adh\u00e9sion Pr\u00e9sentation L\u2019activit\u00e9 YOGA au sein de l\u2019USSG a d\u00e9but\u00e9 en Septembre 1980 avec une progression constante &hellip; <\/p>\n","protected":false},"author":1,"featured_media":0,"parent":75,"menu_order":0,"comment_status":"closed","ping_status":"closed","template":"","meta":{"_editorskit_title_hidden":false,"_editorskit_reading_time":0,"_editorskit_is_block_options_detached":false,"_editorskit_block_options_position":"{}","footnotes":""},"class_list":["post-297","page","type-page","status-publish","hentry"],"_links":{"self":[{"href":"https:\/\/www.us-saintgilles35.org\/index.php\/wp-json\/wp\/v2\/pages\/297","targetHints":{"allow":["GET"]}}],"collection":[{"href":"https:\/\/www.us-saintgilles35.org\/index.php\/wp-json\/wp\/v2\/pages"}],"about":[{"href":"https:\/\/www.us-saintgilles35.org\/index.php\/wp-json\/wp\/v2\/types\/page"}],"author":[{"embeddable":true,"href":"https:\/\/www.us-saintgilles35.org\/index.php\/wp-json\/wp\/v2\/users\/1"}],"replies":[{"embeddable":true,"href":"https:\/\/www.us-saintgilles35.org\/index.php\/wp-json\/wp\/v2\/comments?post=297"}],"version-history":[{"count":28,"href":"https:\/\/www.us-saintgilles35.org\/index.php\/wp-json\/wp\/v2\/pages\/297\/revisions"}],"predecessor-version":[{"id":1307,"href":"https:\/\/www.us-saintgilles35.org\/index.php\/wp-json\/wp\/v2\/pages\/297\/revisions\/1307"}],"up":[{"embeddable":true,"href":"https:\/\/www.us-saintgilles35.org\/index.php\/wp-json\/wp\/v2\/pages\/75"}],"wp:attachment":[{"href":"https:\/\/www.us-saintgilles35.org\/index.php\/wp-json\/wp\/v2\/media?parent=297"}],"curies":[{"name":"wp","href":"https:\/\/api.w.org\/{rel}","templated":true}]}}