{"id":32,"date":"2023-11-25T19:24:57","date_gmt":"2023-11-25T18:24:57","guid":{"rendered":"https:\/\/www.us-saintgilles35.org\/?page_id=32"},"modified":"2023-11-25T19:24:58","modified_gmt":"2023-11-25T18:24:58","slug":"lassociation","status":"publish","type":"page","link":"https:\/\/www.us-saintgilles35.org\/index.php\/lassociation\/","title":{"rendered":"L&#8217;association"},"content":{"rendered":"\n<p>L\u2019&nbsp;<strong>U<\/strong>nion&nbsp;<strong>S<\/strong>portive de&nbsp;<strong>S<\/strong>aint&nbsp;<strong>G<\/strong>illes est une&nbsp;<em>association<\/em>&nbsp;Loi de 1901.<\/p>\n\n\n\n<p>Son si\u00e8ge est \u00e0&nbsp;<strong>Saint Gilles<\/strong>&nbsp;(35590) au 2 rue des sports (\u00e0 cot\u00e9 des salles des sports)<\/p>\n\n\n\n<p>L\u2019association comprend 16 activit\u00e9s pour&nbsp;:<\/p>\n\n\n\n<ul class=\"wp-block-list\">\n<li>les adultes avec ses sections de sports et d\u2019\u00e9ducation physique et sportive.<\/li>\n\n\n\n<li>les enfants avec des sections sportives organis\u00e9es par les adultes au profit des enfants.<\/li>\n<\/ul>\n\n\n\n<p>L\u2019association met \u00e0 la disposition de ses adh\u00e9rents, ses moyens d\u2019activit\u00e9s sportives, \u00e9ducatives et r\u00e9cr\u00e9atives. Par ces moyens, l\u2019Association contribue \u00e0 l\u2019animation de la commune et \u00e0 la formation physique, civique et morale de ses membres.<\/p>\n\n\n\n<p>L\u2019association est ouverte \u00e0 tous dans le respect des convictions individuelles et dans l\u2019ind\u00e9pendance absolue \u00e0 l\u2019\u00e9gard des parties politiques et des groupements confessionnels.<\/p>\n\n\n\n<p>L\u2019association peut \u00eatre affili\u00e9e aux f\u00e9d\u00e9rations nationales des sports qu\u2019elle pratique dans chacune de ses sections. Les membres de l\u2019association peuvent faire partie de plusieurs sections.<\/p>\n\n\n\n<p>L\u2019Union Sportive de Saint Gilles est agr\u00e9e par \u00ab&nbsp;jeunesse et sports&nbsp;\u00bb et est reconnue d\u2019utilit\u00e9 publique.<\/p>\n\n\n\n<p>L\u2019association est dot\u00e9e d\u2019un bureau compos\u00e9 d\u2019un(e)pr\u00e9sident, de 2 vices pr\u00e9sidents, d\u2019un(e) tr\u00e9sorier et d\u2019un tr\u00e9sorier(e) adjoint et d\u2019un(e) secr\u00e9taire et d\u2019un(e) secr\u00e9taire adjoint.<\/p>\n\n\n\n<p>L\u2019association comprend un conseil d\u2019administration compos\u00e9e de 2 membres par section ainsi que les membres du bureau.<\/p>\n\n\n\n<p>Le si\u00e8ge de l\u2019<strong>U<\/strong>nion&nbsp;<strong>S<\/strong>portive de&nbsp;<strong>S<\/strong>aint&nbsp;<strong>G<\/strong>illes est situ\u00e9 au 2 rue des sports 35590 Saint Gilles<\/p>\n\n\n\n<p><strong>T\u00e9l<\/strong>&nbsp;: 02 99 64 62 35<br><strong>Mel&nbsp;<\/strong>&nbsp;: ussg@outlook.fr<\/p>\n\n\n\n<p><strong>Horaires d\u2019ouverture&nbsp;:<\/strong><\/p>\n\n\n\n<ul class=\"wp-block-list\">\n<li>lundi de 14h \u00e0 18h<\/li>\n\n\n\n<li>mercredi de 9h \u00e0 12h et de 14h \u00e0 17h<\/li>\n\n\n\n<li>vendredi de 9h \u00e0 12h et de 14h \u00e0 17h<\/li>\n<\/ul>\n","protected":false},"excerpt":{"rendered":"<p>L\u2019&nbsp;Union&nbsp;Sportive de&nbsp;Saint&nbsp;Gilles est une&nbsp;association&nbsp;Loi de 1901. Son si\u00e8ge est \u00e0&nbsp;Saint Gilles&nbsp;(35590) au 2 rue des sports (\u00e0 cot\u00e9 des salles des sports) L\u2019association comprend 16 &hellip; <\/p>\n","protected":false},"author":1,"featured_media":0,"parent":0,"menu_order":0,"comment_status":"closed","ping_status":"closed","template":"","meta":{"_editorskit_title_hidden":false,"_editorskit_reading_time":0,"_editorskit_is_block_options_detached":false,"_editorskit_block_options_position":"{}","footnotes":""},"class_list":["post-32","page","type-page","status-publish","hentry"],"_links":{"self":[{"href":"https:\/\/www.us-saintgilles35.org\/index.php\/wp-json\/wp\/v2\/pages\/32","targetHints":{"allow":["GET"]}}],"collection":[{"href":"https:\/\/www.us-saintgilles35.org\/index.php\/wp-json\/wp\/v2\/pages"}],"about":[{"href":"https:\/\/www.us-saintgilles35.org\/index.php\/wp-json\/wp\/v2\/types\/page"}],"author":[{"embeddable":true,"href":"https:\/\/www.us-saintgilles35.org\/index.php\/wp-json\/wp\/v2\/users\/1"}],"replies":[{"embeddable":true,"href":"https:\/\/www.us-saintgilles35.org\/index.php\/wp-json\/wp\/v2\/comments?post=32"}],"version-history":[{"count":1,"href":"https:\/\/www.us-saintgilles35.org\/index.php\/wp-json\/wp\/v2\/pages\/32\/revisions"}],"predecessor-version":[{"id":33,"href":"https:\/\/www.us-saintgilles35.org\/index.php\/wp-json\/wp\/v2\/pages\/32\/revisions\/33"}],"wp:attachment":[{"href":"https:\/\/www.us-saintgilles35.org\/index.php\/wp-json\/wp\/v2\/media?parent=32"}],"curies":[{"name":"wp","href":"https:\/\/api.w.org\/{rel}","templated":true}]}}