{"id":49,"date":"2023-11-25T19:34:24","date_gmt":"2023-11-25T18:34:24","guid":{"rendered":"https:\/\/www.us-saintgilles35.org\/?page_id=49"},"modified":"2025-09-29T09:49:08","modified_gmt":"2025-09-29T07:49:08","slug":"organisation","status":"publish","type":"page","link":"https:\/\/www.us-saintgilles35.org\/index.php\/lassociation\/organisation\/","title":{"rendered":"Organisation"},"content":{"rendered":"\n<p>Les membres du bureau saison 2021-2022 sont au nombre de 6 \u00e9lus pour 3 ans<br>Ceux-ci remettent leur mandat \u00e0 l\u2019issue de l\u2019assembl\u00e9e g\u00e9n\u00e9rale de l\u2019association qui a lieu peu de temps apr\u00e8s la fin de l\u2019exercice qui se situe \u00e0 la fin mai de chaque ann\u00e9e.<\/p>\n\n\n\n<h1 class=\"wp-block-heading\">Le Bureau de l\u2019USSG<\/h1>\n\n\n\n<figure class=\"wp-block-table\"><table><tbody><tr><td>Pr\u00e9sident<\/td><td>R\u00e9gis Canteloup<\/td><td>regis.canteloup@gmail.com<\/td><\/tr><tr><td>Vice Pr\u00e9sident<\/td><td>Jean Michel Pot<\/td><td>pot.jeanmichel@gmail.com<\/td><\/tr><tr><td>Vice Pr\u00e9sident<\/td><td>Jacques Benzerara<\/td><td>jacques.benzerara@gmail.com<\/td><\/tr><tr><td>Secr\u00e9taire<\/td><td>Val\u00e9rie Presse<\/td><td>presse.valerie@orange.fr<\/td><\/tr><tr><td>Secr\u00e9taire adjointe<\/td><td>Julie Jean<\/td><td>gjbgjb@wanadoo.fr<\/td><\/tr><tr><td>Tr\u00e9sorier<\/td><td>Guy Ruelland<\/td><td>guy.ruelland@gmail.com<\/td><\/tr><tr><td>Tr\u00e9sori\u00e8re adjointe<\/td><td>Magalie Helloco<\/td><td>mag.helloco@laposte.net<\/td><\/tr><\/tbody><\/table><\/figure>\n\n\n\n<h1 class=\"wp-block-heading\"><strong>Les membres du conseil d\u2019administration<\/strong><\/h1>\n\n\n\n<p>Le conseil d\u2019administration se r\u00e9unit chaque fois qu\u2019il est convoqu\u00e9 par son pr\u00e9sident ou sur la demande du tiers de ses membres. Il discute et vote sur les questions \u00e9labor\u00e9es par le bureau de l\u2019USSG afin de les pr\u00e9senter au conseil de section.<\/p>\n\n\n\n<figure class=\"wp-block-table\"><table><tbody><tr><td>R\u00e9gis Canteloup<\/td><\/tr><tr><td>Jean-Michel Pot<\/td><\/tr><tr><td>Jacques Benzerara<\/td><\/tr><tr><td>Julie Jan<\/td><\/tr><tr><td>Valerie Presse<\/td><\/tr><tr><td>Guy Ruelland<\/td><\/tr><tr><td>Magalie Helloco<\/td><\/tr><tr><td>Yolande Hillairet<\/td><\/tr><tr><td>Argan Le Mouel<\/td><\/tr><tr><td>Laurence Didier<\/td><\/tr><tr><td>Charl\u00e8ne Eon<\/td><\/tr><\/tbody><\/table><\/figure>\n\n\n\n<h1 class=\"wp-block-heading\">Les Responsables de section<\/h1>\n\n\n\n<figure class=\"wp-block-table\"><table><tbody><tr><td><strong>Section<\/strong><\/td><td><strong>Responsable<\/strong><\/td><td><strong>Adresse mail<\/strong><\/td><\/tr><tr><td>Badminton<\/td><td>Yann Br\u00e9maud<\/td><td>yann.bad@outlook.fr<\/td><\/tr><tr><td>Basket<\/td><td>Erin Le Mouel<\/td><td>shioban1999@gmail.com<\/td><\/tr><tr><td><\/td><td>Adrien Lemetayer<\/td><td><a href=\"mailto:adrien.lemetayer@laposte.net\" target=\"_blank\" rel=\"noreferrer noopener\">adrien.lemetayer@laposte.net<\/a><\/td><\/tr><tr><td>Boxe<\/td><td>S\u00e9bastien Ferron<\/td><td>sf35000@outlook.fr<\/td><\/tr><tr><td>Cyclo<\/td><td>Joel Allain<\/td><td>joelallain@wanadoo.fr<\/td><\/tr><tr><td>Course \u00e0 pied<\/td><td>Maud Kessler<\/td><td>maudk200@yahoo.fr<\/td><\/tr><tr><td>Football<\/td><td>Bertrand Julien-Lefeuvre<\/td><td>bertrand.julienlefeuvre@orange.fr<\/td><\/tr><tr><td><\/td><td>Bruno Lecomte<\/td><td>lecomte.bruno63@orange.fr<\/td><\/tr><tr><td>Gymnastique<\/td><td>Rozenn Bouvet<\/td><td>lebert.rozenn@gmail.com<\/td><\/tr><tr><td>Handball<\/td><td>Thomas Ramadier<\/td><td>fabricethomasramadier@gmail.com<\/td><\/tr><tr><td>Hockey<\/td><td>Bernard Binet<\/td><td>bernard.binet@orange.fr<\/td><\/tr><tr><td>Palet<\/td><td>Patrice Gros<\/td><td>patricegros35@hotmail.com<\/td><\/tr><tr><td>P\u00e9tanque<\/td><td>Marcel Bergeron<\/td><td>marcel.bergeron@orange.fr<\/td><\/tr><tr><td>Rando, marche nordique<\/td><td>Jean-Pierre Martin<\/td><td>jpjmartin@free.fr<\/td><\/tr><tr><td><\/td><td>Th\u00e9r\u00e8se Borgat<\/td><td>a.borgat@wanadoo.fr<\/td><\/tr><tr><td>Self-D\u00e9fense<\/td><td>Lionel Georges<\/td><td>ussg.ntj@gmail.com<\/td><\/tr><tr><td>Tennis<\/td><td>Eric Mercier<\/td><td>tennis.stgilles@free.fr<\/td><\/tr><tr><td>Tennis de Table<\/td><td>Philippe Moalic<\/td><td>moalic.philippe@wanadoo.fr<\/td><\/tr><tr><td>Yoga<\/td><td>Sylvie Busnel<\/td><td>jc.sylvie.busnel@gmail.com<\/td><\/tr><\/tbody><\/table><\/figure>\n","protected":false},"excerpt":{"rendered":"<p>Les membres du bureau saison 2021-2022 sont au nombre de 6 \u00e9lus pour 3 ansCeux-ci remettent leur mandat \u00e0 l\u2019issue de l\u2019assembl\u00e9e g\u00e9n\u00e9rale de l\u2019association &hellip; <\/p>\n","protected":false},"author":1,"featured_media":0,"parent":32,"menu_order":0,"comment_status":"closed","ping_status":"closed","template":"","meta":{"_editorskit_title_hidden":false,"_editorskit_reading_time":0,"_editorskit_is_block_options_detached":false,"_editorskit_block_options_position":"{}","footnotes":""},"class_list":["post-49","page","type-page","status-publish","hentry"],"_links":{"self":[{"href":"https:\/\/www.us-saintgilles35.org\/index.php\/wp-json\/wp\/v2\/pages\/49","targetHints":{"allow":["GET"]}}],"collection":[{"href":"https:\/\/www.us-saintgilles35.org\/index.php\/wp-json\/wp\/v2\/pages"}],"about":[{"href":"https:\/\/www.us-saintgilles35.org\/index.php\/wp-json\/wp\/v2\/types\/page"}],"author":[{"embeddable":true,"href":"https:\/\/www.us-saintgilles35.org\/index.php\/wp-json\/wp\/v2\/users\/1"}],"replies":[{"embeddable":true,"href":"https:\/\/www.us-saintgilles35.org\/index.php\/wp-json\/wp\/v2\/comments?post=49"}],"version-history":[{"count":14,"href":"https:\/\/www.us-saintgilles35.org\/index.php\/wp-json\/wp\/v2\/pages\/49\/revisions"}],"predecessor-version":[{"id":1259,"href":"https:\/\/www.us-saintgilles35.org\/index.php\/wp-json\/wp\/v2\/pages\/49\/revisions\/1259"}],"up":[{"embeddable":true,"href":"https:\/\/www.us-saintgilles35.org\/index.php\/wp-json\/wp\/v2\/pages\/32"}],"wp:attachment":[{"href":"https:\/\/www.us-saintgilles35.org\/index.php\/wp-json\/wp\/v2\/media?parent=49"}],"curies":[{"name":"wp","href":"https:\/\/api.w.org\/{rel}","templated":true}]}}