{"id":77,"date":"2023-11-25T20:05:44","date_gmt":"2023-11-25T19:05:44","guid":{"rendered":"https:\/\/www.us-saintgilles35.org\/?page_id=77"},"modified":"2025-08-19T19:06:09","modified_gmt":"2025-08-19T17:06:09","slug":"badminton","status":"publish","type":"page","link":"https:\/\/www.us-saintgilles35.org\/index.php\/les-sections\/badminton\/","title":{"rendered":"Badminton"},"content":{"rendered":"\n<blockquote class=\"wp-block-quote is-layout-flow wp-block-quote-is-layout-flow\" id=\"pr\u00e9sentation\">\n<p>Acc\u00e8s rapide :<\/p>\n<cite><em><a class=\"quicklinks\" href=\"#planning\">Planning<\/a> | <a class=\"quicklinks\" href=\"#tarifs\">Tarifs<\/a> | <a class=\"quicklinks\" href=\"#ficheadhesion\">Fiche adh\u00e9sion<\/a><\/em> <\/cite><\/blockquote>\n\n\n<div id=\"metaslider-id-114\" style=\"width: 100%;\" class=\"ml-slider-3-60-1 metaslider metaslider-flex metaslider-114 ml-slider ms-theme-default nav-hidden\" role=\"region\" aria-roledescription=\"Slideshow\" aria-label=\"Badminton\">\n    <div id=\"metaslider_container_114\">\n        <div id=\"metaslider_114\">\n            <ul aria-live=\"polite\" class=\"slides\">\n                <li style=\"display: block; width: 100%;\" class=\"slide-1178 ms-image\" aria-roledescription=\"slide\" aria-label=\"slide-1178\"><img loading=\"lazy\" decoding=\"async\" src=\"https:\/\/www.us-saintgilles35.org\/wp-content\/uploads\/2025\/07\/DSCF4364-800x342.jpg\" height=\"600\" width=\"1400\" alt=\"\" class=\"slider-114 slide-1178\" title=\"DSCF4364\" \/><\/li>\n                <li style=\"display: none; width: 100%;\" class=\"slide-1179 ms-image\" aria-roledescription=\"slide\" aria-label=\"slide-1179\"><img loading=\"lazy\" decoding=\"async\" src=\"https:\/\/www.us-saintgilles35.org\/wp-content\/uploads\/2025\/07\/DSCF4348-800x342.jpg\" height=\"600\" width=\"1400\" alt=\"\" class=\"slider-114 slide-1179\" title=\"DSCF4348\" \/><\/li>\n                <li style=\"display: none; width: 100%;\" class=\"slide-1180 ms-image\" aria-roledescription=\"slide\" aria-label=\"slide-1180\"><img loading=\"lazy\" decoding=\"async\" src=\"https:\/\/www.us-saintgilles35.org\/wp-content\/uploads\/2025\/07\/DSCF4325-800x342.jpg\" height=\"600\" width=\"1400\" alt=\"\" class=\"slider-114 slide-1180\" title=\"DSCF4325\" \/><\/li>\n                <li style=\"display: none; width: 100%;\" class=\"slide-1400 ms-image\" aria-roledescription=\"slide\" aria-label=\"slide-1400\"><img loading=\"lazy\" decoding=\"async\" src=\"https:\/\/www.us-saintgilles35.org\/wp-content\/uploads\/2026\/03\/badminton80-1-500x214.jpg\" height=\"600\" width=\"1400\" alt=\"\" class=\"slider-114 slide-1400\" title=\"badminton80-1\" \/><\/li>\n            <\/ul>\n        <\/div>\n        \n    <\/div>\n<\/div>\n\n\n\n<h1 class=\"wp-block-heading\"><em>Pr\u00e9sentation<\/em><\/h1>\n\n\n\n<p>L\u2019historique de la&nbsp;<strong>section badminton \u201d LES ACCROBADS \u201d de l\u2019U.S.S.G.<\/strong><\/p>\n\n\n\n<p>La section badminton de l\u2019Union Sportive de Saint-Gilles a \u00e9t\u00e9&nbsp;<strong>cr\u00e9\u00e9e en mars 1997<\/strong>, sous la responsabilit\u00e9 de Chantal COUAPEL, avec une quinzaine d\u2019adh\u00e9rents en loisirs.<\/p>\n\n\n\n<p>Depuis 2005, elle n\u2019a cess\u00e9 d\u2019\u00e9voluer en effectif pour atteindre les 90 adh\u00e9rents au cours de la saison 2010-2011.<\/p>\n\n\n\n<p>Tous les niveaux sont repr\u00e9sent\u00e9s&nbsp;: cela va du d\u00e9butant au plus confirm\u00e9 (\u00e0 partir de 6 ans).<\/p>\n\n\n\n<p>Lors de la cr\u00e9ation de la section badminton, Chantal COUAPEL, alias maman Chanchan, s\u2019est attach\u00e9e \u00e0 faire passer certaines valeurs&nbsp;: LOISIR \u2013 CONVIVIALIT\u00c9 \u2013 D\u00c9TENTE<\/p>\n\n\n\n<p>A la fin de la saison 2010-2011, Chantal a souhait\u00e9 laisser sa place de pr\u00e9sidente apr\u00e8s 14 ann\u00e9es.<\/p>\n\n\n\n<p>Une nouvelle orientation a \u00e9t\u00e9 prise par le nouveau bureau, sous la pr\u00e9sidence de Christophe CHESNAIS, surnomm\u00e9 Ch\u00e9ch\u00e8ne&nbsp;: nous avons d\u00e9velopp\u00e9 un&nbsp;<strong>p\u00f4le comp\u00e9tition<\/strong>&nbsp;par le biais du championnat d\u00e9partemental 35 (CODEP35), en plus du&nbsp;<strong>loisir<\/strong>. Le leitmotiv de la section, c\u2019est la convivialit\u00e9, l\u2019esprit de famille et sportif.<\/p>\n\n\n\n<p>Nous organisons un&nbsp;<strong>tournoi annuel<\/strong>&nbsp;en mars qui s\u2019intitule \u201d Le Printemps Des Accrobads \u201d (pour tous les joueurs en loisirs NC ou licenci\u00e9s de cat\u00e9gories D4 \u2013 D3 sur le d\u00e9partement 35) et&nbsp;<strong>3 tournois internes<\/strong>&nbsp;(pour tous les adh\u00e9rents Les Accrobads).<\/p>\n\n\n\n<p><strong><em>Pr\u00e9sentation de la composition du bureau Badminton :<\/em><\/strong><\/p>\n\n\n\n<p>Contact Yann Bremaud : 06.63.60.26.61. \/\u00a0<a href=\"https:\/\/web.archive.org\/web\/20230326093826\/mailto:yann.bad@outlook.fr\" target=\"_blank\" rel=\"noreferrer noopener\">badyann35@outlook.fr<\/a>\u00a0\/<\/p>\n\n\n\n<figure class=\"wp-block-table\"><table><tbody><tr><td>Pr\u00e9sident<\/td><td>Yann Br\u00e9maud<\/td><\/tr><tr><td>Vice Pr\u00e9sidents<\/td><td> Johan Presse, Mathieu Lemasson<\/td><\/tr><tr><td>Secr\u00e9taire<\/td><td>Margot Arrondel<\/td><\/tr><tr><td>Tr\u00e9sorier<\/td><td>Aur\u00e9lie Ferr\u00e9<\/td><\/tr><\/tbody><\/table><\/figure>\n\n\n\n<h1 class=\"wp-block-heading\" id=\"planning\"><em>Planning<\/em><\/h1>\n\n\n\n<figure class=\"wp-block-table\"><table><tbody><tr><td>Lundi<\/td><td>Cours Enfants Pr\u00e9-Ado (11 \u00e0 15 ans) et adultes loisirs d\u00e9butants\u2013 Salle Verte<br><\/td><td>19h00 \u2013 20h30<br><\/td><\/tr><tr><td>Lundi<\/td><td>Cours Adultes (comp\u00e9titeur)\u2013 Salle Bleue<\/td><td>20h \u2013 21h30 (jeu libre jusqu\u2019\u00e0 23h)<\/td><\/tr><tr><td>Mardi<\/td><td>Cours Enfants  (6  \u00e0 11 ans)\u2013 Un transfert pedibus est pr\u00e9vu au d\u00e9part des \u00e9coles : Salle Bleue<\/td><td>16h30-18h15<\/td><\/tr><tr><td>Mercredi<\/td><td>Entrainements libres Loisir \u2013 Salle verte<\/td><td>20h \u2013 23h<\/td><\/tr><tr><td>Vendredi<\/td><td>Entrainements libres Loisir \u2013 Salle verte<\/td><td>20h \u2013 23h<\/td><\/tr><tr><td>Dimanche<\/td><td>Entrainements libres Loisir \u2013 Salle bleue<\/td><td>17h &#8211; 20h<\/td><\/tr><\/tbody><\/table><\/figure>\n\n\n\n<h1 class=\"wp-block-heading\" id=\"tarifs\"><em>Tarifs<\/em>2025-2026<\/h1>\n\n\n\n<figure class=\"wp-block-table\"><table><tbody><tr><td>Adh\u00e9rent Enfant 6-11 ans<\/td><td>90 \u20ac<\/td><\/tr><tr><td>Adh\u00e9rent Pr\u00e9-Ado (11 \u00e0 15 ans)<\/td><td>90 \u20ac<\/td><\/tr><tr><td>Adh\u00e9rent Adulte Loisirs 15 ans \u00e0 18 ans<\/td><td>110 \u20ac<\/td><\/tr><tr><td>Championnat 15 ans et +<\/td><td>130 \u20ac<\/td><\/tr><\/tbody><\/table><\/figure>\n\n\n\n<p>D\u00e9but des cours pour les enfants de 6 \u00e0 11 ans le 09 septembre 2025 de 16h30 \u00e0 18h15<\/p>\n\n\n\n<p>D\u00e9but des cours pour les Ado ( 11 \u00e0 15 ans) le 8 septembre 2025 de 19h00 \u2013 20h30 encadr\u00e9 par  Johan Presse et Mathieu Lemasson<\/p>\n\n\n\n<p>D\u00e9but de cours pour les adultes comp\u00e9titeur le 1 septembre 2025 de 20h \u00e0 21h30 (jeu libre jusqu&#8217;\u00e0 23h) encadr\u00e9 par Sylvain N&#8217;Guyen<\/p>\n\n\n\n<p>Cours enfants 6-11 ans encadr\u00e9 par l&#8217;animateur sportive Killian Josset<\/p>\n\n\n\n<p><\/p>\n\n\n\n<h1 class=\"wp-block-heading\" id=\"ficheadhesion\"><em>Fiche adh\u00e9sio<\/em>n<\/h1>\n\n\n\n<div class=\"wp-block-buttons is-layout-flex wp-block-buttons-is-layout-flex\">\n<div class=\"wp-block-button\"><a class=\"wp-block-button__link wp-element-button\" href=\"https:\/\/ussg.monclub.app\/subscription\" target=\"_blank\" rel=\"noreferrer noopener\">Adh\u00e9sion Via Mon Club<\/a><\/div>\n<\/div>\n\n\n\n<p>Nota: Si vous n&#8217;avez pas de compte sur l&#8217;application vous pouvez utiliser le code club: <strong>ussaintgilles35<\/strong><\/p>\n","protected":false},"excerpt":{"rendered":"<p>Acc\u00e8s rapide : Planning | Tarifs | Fiche adh\u00e9sion Pr\u00e9sentation L\u2019historique de la&nbsp;section badminton \u201d LES ACCROBADS \u201d de l\u2019U.S.S.G. La section badminton de l\u2019Union &hellip; <\/p>\n","protected":false},"author":1,"featured_media":0,"parent":75,"menu_order":0,"comment_status":"closed","ping_status":"closed","template":"","meta":{"_editorskit_title_hidden":false,"_editorskit_reading_time":0,"_editorskit_is_block_options_detached":false,"_editorskit_block_options_position":"{}","footnotes":""},"class_list":["post-77","page","type-page","status-publish","hentry"],"_links":{"self":[{"href":"https:\/\/www.us-saintgilles35.org\/index.php\/wp-json\/wp\/v2\/pages\/77","targetHints":{"allow":["GET"]}}],"collection":[{"href":"https:\/\/www.us-saintgilles35.org\/index.php\/wp-json\/wp\/v2\/pages"}],"about":[{"href":"https:\/\/www.us-saintgilles35.org\/index.php\/wp-json\/wp\/v2\/types\/page"}],"author":[{"embeddable":true,"href":"https:\/\/www.us-saintgilles35.org\/index.php\/wp-json\/wp\/v2\/users\/1"}],"replies":[{"embeddable":true,"href":"https:\/\/www.us-saintgilles35.org\/index.php\/wp-json\/wp\/v2\/comments?post=77"}],"version-history":[{"count":32,"href":"https:\/\/www.us-saintgilles35.org\/index.php\/wp-json\/wp\/v2\/pages\/77\/revisions"}],"predecessor-version":[{"id":1214,"href":"https:\/\/www.us-saintgilles35.org\/index.php\/wp-json\/wp\/v2\/pages\/77\/revisions\/1214"}],"up":[{"embeddable":true,"href":"https:\/\/www.us-saintgilles35.org\/index.php\/wp-json\/wp\/v2\/pages\/75"}],"wp:attachment":[{"href":"https:\/\/www.us-saintgilles35.org\/index.php\/wp-json\/wp\/v2\/media?parent=77"}],"curies":[{"name":"wp","href":"https:\/\/api.w.org\/{rel}","templated":true}]}}