{"id":82,"date":"2023-11-25T20:16:15","date_gmt":"2023-11-25T19:16:15","guid":{"rendered":"https:\/\/www.us-saintgilles35.org\/?page_id=82"},"modified":"2025-08-12T09:26:06","modified_gmt":"2025-08-12T07:26:06","slug":"basket","status":"publish","type":"page","link":"https:\/\/www.us-saintgilles35.org\/index.php\/les-sections\/basket\/","title":{"rendered":"Basket"},"content":{"rendered":"\n<figure class=\"wp-block-image size-full is-resized\"><img loading=\"lazy\" decoding=\"async\" width=\"300\" height=\"158\" src=\"https:\/\/www.us-saintgilles35.org\/wp-content\/uploads\/2023\/11\/LOGO-FACEBOOK-2-300x158-1.png\" alt=\"\" class=\"wp-image-123\" style=\"width:51px;height:auto\"\/><\/figure>\n\n\n\n<blockquote class=\"wp-block-quote is-layout-flow wp-block-quote-is-layout-flow\">\n<p>Acc\u00e8s rapide :<\/p>\n\n\n\n<p id=\"Pr\u00e9sentation\"><em><a href=\"#planning\">Planning<\/a> | <a href=\"#tarifs\">Tarifs<\/a> | <a href=\"#ficheadhesion\">Fiche adh\u00e9sion<\/a><\/em><\/p>\n<\/blockquote>\n\n\n<div id=\"metaslider-id-118\" style=\"width: 100%;\" class=\"ml-slider-3-60-1 metaslider metaslider-flex metaslider-118 ml-slider ms-theme-default nav-hidden\" role=\"region\" aria-roledescription=\"Slideshow\" aria-label=\"Basket\">\n    <div id=\"metaslider_container_118\">\n        <div id=\"metaslider_118\">\n            <ul aria-live=\"polite\" class=\"slides\">\n                <li style=\"display: block; width: 100%;\" class=\"slide-120 ms-image\" aria-roledescription=\"slide\" aria-label=\"slide-120\"><img loading=\"lazy\" decoding=\"async\" src=\"https:\/\/www.us-saintgilles35.org\/wp-content\/uploads\/2023\/11\/IMG-20230924-WA0005-1400x600.jpg\" height=\"600\" width=\"1400\" alt=\"\" class=\"slider-118 slide-120\" title=\"IMG-20230924-WA0005\" \/><\/li>\n                <li style=\"display: none; width: 100%;\" class=\"slide-349 ms-image\" aria-roledescription=\"slide\" aria-label=\"slide-349\"><img loading=\"lazy\" decoding=\"async\" src=\"https:\/\/www.us-saintgilles35.org\/wp-content\/uploads\/2023\/11\/IMG_20231020_111659_735-833x357.jpg\" height=\"600\" width=\"1400\" alt=\"\" class=\"slider-118 slide-349\" title=\"IMG_20231020_111659_735\" \/><\/li>\n                <li style=\"display: none; width: 100%;\" class=\"slide-350 ms-image\" aria-roledescription=\"slide\" aria-label=\"slide-350\"><img loading=\"lazy\" decoding=\"async\" src=\"https:\/\/www.us-saintgilles35.org\/wp-content\/uploads\/2023\/11\/IMG_7069-1400x600.jpg\" height=\"600\" width=\"1400\" alt=\"\" class=\"slider-118 slide-350\" title=\"IMG_7069\" \/><\/li>\n                <li style=\"display: none; width: 100%;\" class=\"slide-351 ms-image\" aria-roledescription=\"slide\" aria-label=\"slide-351\"><img loading=\"lazy\" decoding=\"async\" src=\"https:\/\/www.us-saintgilles35.org\/wp-content\/uploads\/2023\/11\/IMG_7067-scaled-1400x600.jpg\" height=\"600\" width=\"1400\" alt=\"\" class=\"slider-118 slide-351\" title=\"IMG_7067\" \/><\/li>\n            <\/ul>\n        <\/div>\n        \n    <\/div>\n<\/div>\n\n\n\n<h1 class=\"wp-block-heading\"><em>Pr\u00e9sentatio<\/em>n<\/h1>\n\n\n\n<p>La section a \u00e9t\u00e9 cr\u00e9\u00e9e en 1974 par Paulette Ferrando. Quelques mois plus tard, les employ\u00e9s municipaux, aid\u00e9s de quelques b\u00e9n\u00e9voles, mettaient en place les premiers panneaux sur le plateau ext\u00e9rieur. Et c\u2019est sur ces terrains ext\u00e9rieurs, pendant dix ans, que le basket, sport de salle par excellence, allait malgr\u00e9 tout se d\u00e9velopper. Ainsi, pour la premi\u00e8re fois, un sport f\u00e9minin faisait son apparition sur la commune de Saint-Gilles.<\/p>\n\n\n\n<p>Durant quelques ann\u00e9es, une \u00e9quipe seniors f\u00e9minines et quelques \u00e9quipes de jeunes se content\u00e8rent de comp\u00e9tition p\u00e9riscolaire (UFOLEP) et de matchs amicaux. Cette p\u00e9riode probatoire allait permettre d\u2019assurer les bases de la section.<\/p>\n\n\n\n<p>Puis ce fut le grand d\u00e9part en comp\u00e9tition d\u00e9partementale avec l\u2019affiliation \u00e0 la F\u00e9d\u00e9ration Fran\u00e7aise de Basket-Ball.<\/p>\n\n\n\n<p>Aujourd\u2019hui, la section basket-ball compte environ 140 licenci\u00e9s et 12 \u00e9quipes sont engag\u00e9es en championnat d\u00e9partemental d\u2019Ille et Vilaine. Il est possible de pratiquer le basket d\u00e8s l\u2019\u00e2ge de 5 ans (baby) et il est \u00e9galement possible de pratiquer le basket en loisirs (d\u00e9tente).<\/p>\n\n\n\n<p>A partir de 2010, la section basket de l&#8217;US Saint-Gilles collabore avec l&#8217;Euro Pac\u00e9 Association pour organiser chaque ann\u00e9e le Tournoi International U13 Filles de l&#8217;EPA. Ce partenariat dure maintenant depuis plus de treize ans.<\/p>\n\n\n\n<p>La section diversifie ses pratiques avec la cr\u00e9ation en 2021 d&#8217;une section Basket Sant\u00e9 pour les personnes souhaitant pratiquer une activit\u00e9 sportive adapt\u00e9e et celles ayant une prescription m\u00e9dicale.<\/p>\n\n\n\n<h2 class=\"wp-block-heading\"><a><\/a>Historique des pr\u00e9sidents de la section<\/h2>\n\n\n\n<ul class=\"wp-block-list\">\n<li>1974 &#8211; 1980 : Paulette FERRANDO<\/li>\n\n\n\n<li>1980 &#8211; 1981 : Maryl\u00e8ne DEMEURE<\/li>\n\n\n\n<li>1981 &#8211; 1986 : Paulette FERRANDO<\/li>\n\n\n\n<li>1986 &#8211; 1991 : Pascal LEROY<\/li>\n\n\n\n<li>1991 &#8211; 2003 : Maryl\u00e8ne DEMEURE<\/li>\n\n\n\n<li>2003 &#8211; 2005 : Bruno LECOMTE et Patrick PICAUD<\/li>\n\n\n\n<li>2006 &#8211; 2013 : Sylvaine LEVACHER et L\u00e9na\u00efck MORIN<\/li>\n\n\n\n<li>2013 &#8211; 2017 : Sylvaine LEVACHER et Lionel HAMONIC<\/li>\n\n\n\n<li>2017 &#8211; 2022 : Lionel HAMONIC<\/li>\n\n\n\n<li>2022 &#8211; 2023 : Lionel HAMONIC et Argan LE MOU\u00cbL<\/li>\n\n\n\n<li>2023 &#8211; 2024: Argan LE MOU\u00cbL<\/li>\n\n\n\n<li>2024-2025 : Erin LE MOU\u00cbL<\/li>\n\n\n\n<li>2025&#8230;&#8230;&#8230;.: Erin LE MOU\u00cbL, Adrien LEMETAYER<\/li>\n<\/ul>\n\n\n\n<p><strong>Pr\u00e9sentation du bureau de la section Basket :<\/strong><\/p>\n\n\n\n<figure class=\"wp-block-table\"><table><tbody><tr><td>Responsable de section<\/td><td>Erin Lemouel<br>Adrien Lemetayer<\/td><td><a href=\"mailto:erinlemouelpro@gmail.com\" target=\"_blank\" rel=\"noreferrer noopener\">erinlemouelpro@gmail.com<\/a><br><a href=\"mailto:adrien.lemetayer@laposte.net\" target=\"_blank\" rel=\"noreferrer noopener\">adrien.lemetayer@laposte.net<\/a><\/td><\/tr><tr><td>Responsable administrative<\/td><td>Emmanuelle Le Mouel<\/td><td>emma72.elm@gmail.com<\/td><\/tr><tr><td>Responsable technique et \u00e9ducatrice principale<\/td><td>Coralie Cambon<\/td><td>coralie.cambon@hotmail.fr<\/td><\/tr><tr><td>Responsable Section Basket Sant\u00e9<\/td><td>Maryl\u00e8ne Demeur\u00e9<\/td><td>marylene.demeure@gmail.com<\/td><\/tr><tr><td>\u00c9ducateurs intervenants<\/td><td>Erin Le Mou\u00ebl<br>Steven Saint-Macary<\/td><td><\/td><\/tr><\/tbody><\/table><\/figure>\n\n\n\n<h1 class=\"wp-block-heading\" id=\"planning\"><em>Planning<\/em>&nbsp;: <\/h1>\n\n\n\n<p>Le planning des entra\u00eenements est disponible \u00e0 cette adresse : <a href=\"https:\/\/us-saint-gilles-basket.kalisport.com\/planning-entrainements\">https:\/\/us-saint-gilles-basket.kalisport.com\/planning-entrainements<\/a> ou sur  l&#8217;application Mon Club sur smartphone<\/p>\n\n\n\n<h1 class=\"wp-block-heading\" id=\"tarifs\"><em>Tarifs<\/em> 2025-2026<\/h1>\n\n\n\n<p>Les tarifs de licence pour la section Basket sont les suivants :<\/p>\n\n\n\n<figure class=\"wp-block-table\"><table><tbody><tr><td>Cat\u00e9gorie<\/td><td>Prix<\/td><\/tr><tr><td>Dirigeant &#8211; Coach &#8211; Arbitre<\/td><td>Gratuit<\/td><\/tr><tr><td><strong>Basket Sant\u00e9<\/strong><\/td><td>65<\/td><\/tr><tr><td>Loisir<\/td><td>110<\/td><\/tr><tr><td>S\u00e9nior Fille et Gar\u00e7on<\/td><td>150<\/td><\/tr><tr><td>U18 Fille<\/td><td>150<\/td><\/tr><tr><td>U15 Fille et Gar\u00e7on<\/td><td>145<\/td><\/tr><tr><td>U13<\/td><td>130<\/td><\/tr><tr><td>U11<\/td><td>130<\/td><\/tr><tr><td>U9<\/td><td>110<\/td><\/tr><tr><td>U7<\/td><td>100<\/td><\/tr><\/tbody><\/table><\/figure>\n\n\n\n<h1 class=\"wp-block-heading\" id=\"ficheadhesion\"><em>Fiche adh\u00e9sion<\/em><\/h1>\n\n\n\n<p>Pour s\u2019inscrire \u00e0 la section, se rendre sur cette page :<a href=\"https:\/\/ussg.monclub.app\/subscription\"> https:\/\/us-saint-gilles-basket.kalisport.com\/pre-inscriptions<\/a><\/p>\n\n\n\n<h1 class=\"wp-block-heading\">Nos activit\u00e9s<\/h1>\n\n\n\n<p>Pour suivre nos activit\u00e9s, rendez-vous sur nos r\u00e9seaux sociaux (Facebook et Instagram)<\/p>\n\n\n\n<h2 class=\"wp-block-heading\">Nos Sponsors<\/h2>\n\n\n\n<p>Notre nouveau sponsor<\/p>\n\n\n\n<div class=\"wp-block-group\"><div class=\"wp-block-group__inner-container is-layout-constrained wp-block-group-is-layout-constrained\">\n<figure class=\"wp-block-image size-full\"><img loading=\"lazy\" decoding=\"async\" width=\"400\" height=\"533\" src=\"https:\/\/www.us-saintgilles35.org\/wp-content\/uploads\/2024\/05\/IMG-20240523-WA0002-1.jpg\" alt=\"\" class=\"wp-image-689\" srcset=\"https:\/\/www.us-saintgilles35.org\/wp-content\/uploads\/2024\/05\/IMG-20240523-WA0002-1.jpg 400w, https:\/\/www.us-saintgilles35.org\/wp-content\/uploads\/2024\/05\/IMG-20240523-WA0002-1-225x300.jpg 225w\" sizes=\"auto, (max-width: 400px) 100vw, 400px\" \/><figcaption class=\"wp-element-caption\"><strong>Entreprise BRETIC \u00e0 Saint Gilles<\/strong><\/figcaption><\/figure>\n<\/div><\/div>\n\n\n\n<div class=\"wp-block-group\"><div class=\"wp-block-group__inner-container is-layout-constrained wp-block-group-is-layout-constrained\">\n<figure class=\"wp-block-image size-full\"><img loading=\"lazy\" decoding=\"async\" width=\"400\" height=\"300\" src=\"https:\/\/www.us-saintgilles35.org\/wp-content\/uploads\/2024\/05\/IMG-20240523-WA0001-2.jpg\" alt=\"\" class=\"wp-image-692\" srcset=\"https:\/\/www.us-saintgilles35.org\/wp-content\/uploads\/2024\/05\/IMG-20240523-WA0001-2.jpg 400w, https:\/\/www.us-saintgilles35.org\/wp-content\/uploads\/2024\/05\/IMG-20240523-WA0001-2-300x225.jpg 300w\" sizes=\"auto, (max-width: 400px) 100vw, 400px\" \/><\/figure>\n<\/div><\/div>\n","protected":false},"excerpt":{"rendered":"<p>Acc\u00e8s rapide : Planning | Tarifs | Fiche adh\u00e9sion Pr\u00e9sentation La section a \u00e9t\u00e9 cr\u00e9\u00e9e en 1974 par Paulette Ferrando. Quelques mois plus tard, les &hellip; <\/p>\n","protected":false},"author":1,"featured_media":0,"parent":75,"menu_order":0,"comment_status":"closed","ping_status":"closed","template":"","meta":{"_editorskit_title_hidden":false,"_editorskit_reading_time":0,"_editorskit_is_block_options_detached":false,"_editorskit_block_options_position":"{}","footnotes":""},"class_list":["post-82","page","type-page","status-publish","hentry"],"_links":{"self":[{"href":"https:\/\/www.us-saintgilles35.org\/index.php\/wp-json\/wp\/v2\/pages\/82","targetHints":{"allow":["GET"]}}],"collection":[{"href":"https:\/\/www.us-saintgilles35.org\/index.php\/wp-json\/wp\/v2\/pages"}],"about":[{"href":"https:\/\/www.us-saintgilles35.org\/index.php\/wp-json\/wp\/v2\/types\/page"}],"author":[{"embeddable":true,"href":"https:\/\/www.us-saintgilles35.org\/index.php\/wp-json\/wp\/v2\/users\/1"}],"replies":[{"embeddable":true,"href":"https:\/\/www.us-saintgilles35.org\/index.php\/wp-json\/wp\/v2\/comments?post=82"}],"version-history":[{"count":20,"href":"https:\/\/www.us-saintgilles35.org\/index.php\/wp-json\/wp\/v2\/pages\/82\/revisions"}],"predecessor-version":[{"id":1205,"href":"https:\/\/www.us-saintgilles35.org\/index.php\/wp-json\/wp\/v2\/pages\/82\/revisions\/1205"}],"up":[{"embeddable":true,"href":"https:\/\/www.us-saintgilles35.org\/index.php\/wp-json\/wp\/v2\/pages\/75"}],"wp:attachment":[{"href":"https:\/\/www.us-saintgilles35.org\/index.php\/wp-json\/wp\/v2\/media?parent=82"}],"curies":[{"name":"wp","href":"https:\/\/api.w.org\/{rel}","templated":true}]}}